{"id":3473,"date":"2020-05-30T03:18:09","date_gmt":"2020-05-30T03:18:09","guid":{"rendered":"http:\/\/www.dosacordes.es\/web\/?product=caderno-21-temperando-nivel-intermedio-volume-2-notacia%c2%b3n-re"},"modified":"2024-12-10T16:48:56","modified_gmt":"2024-12-10T15:48:56","slug":"caderno-21-temperando-nivel-intermedio-volume-2-notacia%c2%b3n-re","status":"publish","type":"product","link":"https:\/\/www.dosacordes.es\/web\/producto\/caderno-21-temperando-nivel-intermedio-volume-2-notacia%c2%b3n-re\/","title":{"rendered":"Temperando. Intermedio. Volume II. RE"},"content":{"rendered":"","protected":false},"excerpt":{"rendered":"<h5>Bruno Villamor Gay<\/h5>\n<p><span class=\"tComun\">Tr\u00e1tase da segunda entrega da serie de catro que contin\u00faa o nivel de Iiciaci\u00f3n do mesmo autor. O<span lang=\"GL\">s contidos desta segunda entrega est\u00e1n pensados para continuar traballando e perfeccionando os co\u00f1ecementos e recursos adquiridos nos catro volumes de \u02dcTemperando: Iniciaci\u00f3n\u00bb e no primeiro de &#8216;Temperando: Intermedio&#8217;, continuando coa aprendizaxe da escrita e a execuci\u00f3n de parte da ornamentaci\u00f3n que se emprega habitualmente na m\u00fasica para gaita galega, as\u00ed como dos mecanismos necesarios para un perfecto dominio da afinaci\u00f3n do noso instrumento. Neste volume atopamos exercicios t\u00e9cnicos, pezas tradicionais e de autor con ornamentaci\u00f3n acordes co nivel no que nos atopamos e mesmo informaci\u00f3n sobre instrumentos tradicionais galegos, gaiteiros e cuartetos tradicionais para que o gaiteiro pouco a pouco adquira co\u00f1ecementos sobre da nosa cultura tradicional. Ao final deste volume aportamos material complementario para que o profesor ou alumno te\u00f1an repertorio arranxado para gaita e outros instrumentos.<\/span><\/span><\/p>\n","protected":false},"featured_media":7548,"template":"","meta":{"om_disable_all_campaigns":false,"_monsterinsights_skip_tracking":false,"_monsterinsights_sitenote_active":false,"_monsterinsights_sitenote_note":"","_monsterinsights_sitenote_category":0},"product_cat":[347],"product_tag":[],"aioseo_notices":[],"lang":"es","translations":{"es":3473},"pll_sync_post":[],"_links":{"self":[{"href":"https:\/\/www.dosacordes.es\/web\/wp-json\/wp\/v2\/product\/3473"}],"collection":[{"href":"https:\/\/www.dosacordes.es\/web\/wp-json\/wp\/v2\/product"}],"about":[{"href":"https:\/\/www.dosacordes.es\/web\/wp-json\/wp\/v2\/types\/product"}],"wp:featuredmedia":[{"embeddable":true,"href":"https:\/\/www.dosacordes.es\/web\/wp-json\/wp\/v2\/media\/7548"}],"wp:attachment":[{"href":"https:\/\/www.dosacordes.es\/web\/wp-json\/wp\/v2\/media?parent=3473"}],"wp:term":[{"taxonomy":"product_cat","embeddable":true,"href":"https:\/\/www.dosacordes.es\/web\/wp-json\/wp\/v2\/product_cat?post=3473"},{"taxonomy":"product_tag","embeddable":true,"href":"https:\/\/www.dosacordes.es\/web\/wp-json\/wp\/v2\/product_tag?post=3473"}],"curies":[{"name":"wp","href":"https:\/\/api.w.org\/{rel}","templated":true}]}}