{"id":3455,"date":"2020-05-30T03:17:45","date_gmt":"2020-05-30T01:17:45","guid":{"rendered":"http:\/\/www.dosacordes.es\/web\/?product=analisis-musical-y-guaa-para-la-interpretacia%c2%b3n"},"modified":"2026-03-08T19:54:50","modified_gmt":"2026-03-08T18:54:50","slug":"analisis-musical-y-guaa-para-la-interpretacia%c2%b3n","status":"publish","type":"product","link":"https:\/\/www.dosacordes.es\/web\/producto\/analisis-musical-y-guaa-para-la-interpretacia%c2%b3n\/","title":{"rendered":"An\u00e1lisis musical y gu\u00eda para la interpretaci\u00f3n"},"content":{"rendered":"","protected":false},"excerpt":{"rendered":"<h5>Emilio Lede<\/h5>\n<p>Partita para flauta sola BWV 1013 de Johann Sebastian Bach. Sonata para flauta sola de Carl. Ph. Emanuel Bach.<\/p>\n<p>El an\u00e1lisis musical no deber\u00eda limitarse al inventario de los elementos que conforman la obras, esto es, a la disecci\u00f3n \u00abanat\u00f3mica\u00bb de la forma; su prop\u00f3sito final debe ser el de desentra\u00f1ar el funcionamiento de dichos componentes, del mismo modo que la fisiolog\u00eda interpreta los conocimientos que la anatom\u00eda le proporciona. Este trabajo pretende ser una gu\u00eda para la interpretaci\u00f3n de las citadas obras de los Bach, relacionando el an\u00e1lisis con las decisiones asumidas por destacados int\u00e9rpretes, partiendo de las fuentes disponibles, tanto editadas como manuscritas. El autor, compositor y music\u00f3logo, docente en el Conservatorio Profesional de Pontevedra, nos proporciona un pr\u00e1ctico libro en el que, por comodidad para el int\u00e9rprete, se proporcionan exentas ambas partituras. An\u00e1lisis y obras a un precio enormemente asequible.<\/p>\n<p><span style=\"float: none;background-color: #edf3f4;color: #757575;cursor: text;font-family: 'Montserrat',sans-serif;font-size: 14px;font-style: normal;font-variant: normal;font-weight: 400;letter-spacing: normal;text-align: left;text-decoration: none;text-indent: 0px;text-transform: none\">Contiene partituras exentas de ambas obras.<\/span><\/p>\n","protected":false},"featured_media":7474,"template":"","meta":{"om_disable_all_campaigns":false,"_monsterinsights_skip_tracking":false,"_monsterinsights_sitenote_active":false,"_monsterinsights_sitenote_note":"","_monsterinsights_sitenote_category":0},"product_cat":[378],"product_tag":[],"aioseo_notices":[],"lang":"es","translations":{"es":3455,"en":14113},"pll_sync_post":[],"_links":{"self":[{"href":"https:\/\/www.dosacordes.es\/web\/wp-json\/wp\/v2\/product\/3455"}],"collection":[{"href":"https:\/\/www.dosacordes.es\/web\/wp-json\/wp\/v2\/product"}],"about":[{"href":"https:\/\/www.dosacordes.es\/web\/wp-json\/wp\/v2\/types\/product"}],"wp:featuredmedia":[{"embeddable":true,"href":"https:\/\/www.dosacordes.es\/web\/wp-json\/wp\/v2\/media\/7474"}],"wp:attachment":[{"href":"https:\/\/www.dosacordes.es\/web\/wp-json\/wp\/v2\/media?parent=3455"}],"wp:term":[{"taxonomy":"product_cat","embeddable":true,"href":"https:\/\/www.dosacordes.es\/web\/wp-json\/wp\/v2\/product_cat?post=3455"},{"taxonomy":"product_tag","embeddable":true,"href":"https:\/\/www.dosacordes.es\/web\/wp-json\/wp\/v2\/product_tag?post=3455"}],"curies":[{"name":"wp","href":"https:\/\/api.w.org\/{rel}","templated":true}]}}