{"id":3451,"date":"2011-11-15T11:33:41","date_gmt":"2011-11-15T09:33:41","guid":{"rendered":"http:\/\/www.dosacordes.es\/web\/?product=josa-de-baquedano-vilancicos-de-nadal-e-reis"},"modified":"2022-07-26T09:00:31","modified_gmt":"2022-07-26T07:00:31","slug":"josa-de-baquedano-vilancicos-de-nadal-e-reis","status":"publish","type":"product","link":"https:\/\/www.dosacordes.es\/web\/producto\/josa-de-baquedano-vilancicos-de-nadal-e-reis\/","title":{"rendered":"Vilancicos de Nadal e Reis"},"content":{"rendered":"","protected":false},"excerpt":{"rendered":"<h5>Jos\u00e9 de Baquedano<\/h5>\n<p>El navarro Jos\u00e9 de Baquedano (1642-1711), del que conmemoramos el 300 aniversario de su muerte, fue maestro de capilla de la Catedral de Santiago de Compostela. Su obra, aunque escasa, ha sido calificada por L\u00f3pez-Calo como \u00abde tal importancia, por su calidad, por su variedad y por su inter\u00e9s, que coloca a su autor en una posici\u00f3n privilegiada en el contexto de la m\u00fasica espa\u00f1ola de su tiempo\u00bb. A d\u00eda de hoy conocemos 5 misas, 17 salmos, 2 <em>magn\u00edficats<\/em>, 1 <em>Nunc dimittis<\/em>, 20 motetes, 7 lamentaciones de Semana Santa, 45 villancicos en espa\u00f1ol, y una \u00abSonata a 3\u00bb instrumental. Esta edici\u00f3n incluye la integral de su producci\u00f3n de villancicos de Navidad y Epifan\u00eda, a voces sobre l\u00ednea de bajo.<\/p>\n","protected":false},"featured_media":3452,"template":"","meta":{"om_disable_all_campaigns":false,"_monsterinsights_skip_tracking":false,"_monsterinsights_sitenote_active":false,"_monsterinsights_sitenote_note":"","_monsterinsights_sitenote_category":0},"product_cat":[359],"product_tag":[638],"aioseo_notices":[],"lang":"es","translations":{"es":3451},"pll_sync_post":[],"_links":{"self":[{"href":"https:\/\/www.dosacordes.es\/web\/wp-json\/wp\/v2\/product\/3451"}],"collection":[{"href":"https:\/\/www.dosacordes.es\/web\/wp-json\/wp\/v2\/product"}],"about":[{"href":"https:\/\/www.dosacordes.es\/web\/wp-json\/wp\/v2\/types\/product"}],"wp:featuredmedia":[{"embeddable":true,"href":"https:\/\/www.dosacordes.es\/web\/wp-json\/wp\/v2\/media\/3452"}],"wp:attachment":[{"href":"https:\/\/www.dosacordes.es\/web\/wp-json\/wp\/v2\/media?parent=3451"}],"wp:term":[{"taxonomy":"product_cat","embeddable":true,"href":"https:\/\/www.dosacordes.es\/web\/wp-json\/wp\/v2\/product_cat?post=3451"},{"taxonomy":"product_tag","embeddable":true,"href":"https:\/\/www.dosacordes.es\/web\/wp-json\/wp\/v2\/product_tag?post=3451"}],"curies":[{"name":"wp","href":"https:\/\/api.w.org\/{rel}","templated":true}]}}