{"id":3449,"date":"2011-10-30T13:23:31","date_gmt":"2011-10-30T13:23:31","guid":{"rendered":"http:\/\/www.dosacordes.es\/web\/?product=pack-carlos-diaguez"},"modified":"2020-05-30T22:02:14","modified_gmt":"2020-05-30T20:02:14","slug":"pack-carlos-diaguez","status":"publish","type":"product","link":"https:\/\/www.dosacordes.es\/web\/producto\/pack-carlos-diaguez\/","title":{"rendered":"Pack Carlos Di\u00e9guez"},"content":{"rendered":"<p>Pack con las obras de Carlos Di\u00e9guez, compuesto por su fantas\u00eda para banda \u00abO conde de Lemos\u00bb (con partes instrumentales en PDF dentro de un CD-Rom) y su ensayo \u00abEl oficio de director de banda\u00bb, por tan solo 50 euros (PVP total sin oferta, 60 euros). Para celebrar la edici\u00f3n del ensayo, enviamos el\u00c2\u00a0pack\u00c2\u00a0por agencia urgente MRW, \u00c2\u00a1sin costes!<\/p>\n","protected":false},"excerpt":{"rendered":"<p>Pack con las obras de Carlos Di\u00e9guez, compuesto por su fantas\u00eda para banda \u00abO conde de Lemos\u00bb (con partes instrumentales en PDF dentro de un CD-Rom) y su ensayo \u00abEl oficio de director de banda\u00bb, por tan solo 50 euros (PVP total sin oferta, 60 euros). Para celebrar la edici\u00f3n del ensayo, enviamos el\u00c2\u00a0pack\u00c2\u00a0por agencia [&hellip;]<\/p>\n","protected":false},"featured_media":3450,"template":"","meta":{"om_disable_all_campaigns":false,"_monsterinsights_skip_tracking":false,"_monsterinsights_sitenote_active":false,"_monsterinsights_sitenote_note":"","_monsterinsights_sitenote_category":0},"product_cat":[349],"product_tag":[],"aioseo_notices":[],"lang":"es","translations":{"es":3449},"pll_sync_post":[],"_links":{"self":[{"href":"https:\/\/www.dosacordes.es\/web\/wp-json\/wp\/v2\/product\/3449"}],"collection":[{"href":"https:\/\/www.dosacordes.es\/web\/wp-json\/wp\/v2\/product"}],"about":[{"href":"https:\/\/www.dosacordes.es\/web\/wp-json\/wp\/v2\/types\/product"}],"wp:featuredmedia":[{"embeddable":true,"href":"https:\/\/www.dosacordes.es\/web\/wp-json\/wp\/v2\/media\/3450"}],"wp:attachment":[{"href":"https:\/\/www.dosacordes.es\/web\/wp-json\/wp\/v2\/media?parent=3449"}],"wp:term":[{"taxonomy":"product_cat","embeddable":true,"href":"https:\/\/www.dosacordes.es\/web\/wp-json\/wp\/v2\/product_cat?post=3449"},{"taxonomy":"product_tag","embeddable":true,"href":"https:\/\/www.dosacordes.es\/web\/wp-json\/wp\/v2\/product_tag?post=3449"}],"curies":[{"name":"wp","href":"https:\/\/api.w.org\/{rel}","templated":true}]}}