{"id":3445,"date":"2012-04-23T16:47:10","date_gmt":"2012-04-23T14:47:10","guid":{"rendered":"http:\/\/www.dosacordes.es\/web\/?product=celtia-serie-avrego-na%c2%ba-8"},"modified":"2023-03-24T09:54:14","modified_gmt":"2023-03-24T07:54:14","slug":"celtia-serie-avrego-na%c2%ba-8","status":"publish","type":"product","link":"https:\/\/www.dosacordes.es\/web\/producto\/celtia-serie-avrego-na%c2%ba-8\/","title":{"rendered":"Celtia"},"content":{"rendered":"<p>&nbsp;<\/p>\n<p>&nbsp;<\/p>\n","protected":false},"excerpt":{"rendered":"<h5>Enrique Gonz\u00e1lez Arroitajauregui<\/h5>\n<p>Enrique Gonz\u00e1lez Arroitajauregui naceu o 9 de abril de 1898 en Durango (Guip\u00fascoa). Aos dous anos de idade a s\u00faa familia trasladouse a Donostia-San Sebasti\u00e1n, onde comeza a idade temper\u00e1 os seus estudos musicais. Aprendeu solfexo con Secundino Esnaola e, m\u00e1is tarde, harmon\u00eda e composici\u00f3n con Beltr\u00e1n Pagola. Participou como \u00f3boe na banda municipal de Donostia-San Sebasti\u00e1n, e obtivo aos 25 anos a praza de director da banda da vila de Zarautz, onde exerceu ata 1936. Durante a guerra civil refuxiouse en Francia; ao finalizar a contenda instalouse na Estrada (Pontevedra), onde ocupou o cargo de director da banda ata 1968, ano da s\u00faa xubilaci\u00f3n.<\/p>\n<p>&nbsp;<\/p>\n","protected":false},"featured_media":3446,"template":"","meta":{"om_disable_all_campaigns":false,"_monsterinsights_skip_tracking":false,"_monsterinsights_sitenote_active":false,"_monsterinsights_sitenote_note":"","_monsterinsights_sitenote_category":0},"product_cat":[349],"product_tag":[638],"aioseo_notices":[],"lang":"es","translations":{"es":3445},"pll_sync_post":[],"_links":{"self":[{"href":"https:\/\/www.dosacordes.es\/web\/wp-json\/wp\/v2\/product\/3445"}],"collection":[{"href":"https:\/\/www.dosacordes.es\/web\/wp-json\/wp\/v2\/product"}],"about":[{"href":"https:\/\/www.dosacordes.es\/web\/wp-json\/wp\/v2\/types\/product"}],"wp:featuredmedia":[{"embeddable":true,"href":"https:\/\/www.dosacordes.es\/web\/wp-json\/wp\/v2\/media\/3446"}],"wp:attachment":[{"href":"https:\/\/www.dosacordes.es\/web\/wp-json\/wp\/v2\/media?parent=3445"}],"wp:term":[{"taxonomy":"product_cat","embeddable":true,"href":"https:\/\/www.dosacordes.es\/web\/wp-json\/wp\/v2\/product_cat?post=3445"},{"taxonomy":"product_tag","embeddable":true,"href":"https:\/\/www.dosacordes.es\/web\/wp-json\/wp\/v2\/product_tag?post=3445"}],"curies":[{"name":"wp","href":"https:\/\/api.w.org\/{rel}","templated":true}]}}