{"id":3429,"date":"2011-04-26T21:09:20","date_gmt":"2011-04-26T19:09:20","guid":{"rendered":"http:\/\/www.dosacordes.es\/web\/?product=o-conde-de-lemos-fantasaa-para-banda-de-massica"},"modified":"2020-10-12T19:22:01","modified_gmt":"2020-10-12T17:22:01","slug":"o-conde-de-lemos-fantasaa-para-banda-de-massica","status":"publish","type":"product","link":"https:\/\/www.dosacordes.es\/web\/producto\/o-conde-de-lemos-fantasaa-para-banda-de-massica\/","title":{"rendered":"O Conde de Lemos: Fantas\u00eda para banda de m\u00fasica"},"content":{"rendered":"<div style=\"text-align: justify;\"><\/div>\n","protected":false},"excerpt":{"rendered":"<h5>Carlos Di\u00e9guez Beltr\u00e1n<\/h5>\n<p>O Conde de Lemos es una Fantas\u00eda para Banda de M\u00fasica que nos traslada a comienzos del siglo XVII, a trav\u00e9s de la vida de un gallego ilustre: Pedro Fern\u00e1ndez de Castro, Andrade y Portugal (Monforte de Lemos, 1576 &#8211; Madrid, 1622). Conocido como \u00abel Gran Conde de Lemos\u00bb, ocup\u00f3 cargos muy relevantes en la Espa\u00f1a de Felipe III; fue mecenas de los m\u00e1s importantes autores literarios del Siglo de Oro espa\u00f1ol, como Lope de Vega (quien fue durante un tiempo secretario personal del Conde), Miguel de Cervantes, Luis de G\u00f3ngora o Francisco de Quevedo. Esta Fantas\u00eda para Banda nos traslada a la vida de este noble gallego con un lenguaje que nos acerca a la \u00e9poca de trovadores y juglares medievales, con su m\u00fasica de aires celtas. Se distinguen en la obra tres grandes bloques tem\u00e1ticos:<\/p>\n<ol>\n<li>Sosiego en las Tierras de Lemos: es la introducci\u00f3n, donde la m\u00fasica nos conduce \u00aba trav\u00e9s del son de las campanas, de la secuencia lit\u00fargica de los metales graves y del suelo melanc\u00f3lico del \u00f3boe\u00bb a contemplar la vida de retiro, meditaci\u00f3n y sosiego en la casa condal de Lemos.<\/li>\n<li>Fiesta en el Condado: describe el sentir de las gentes y el ambiente de las fiestas de recibimiento a los se\u00f1ores de Castro cuando volv\u00edan al Condado. Los juglares, la m\u00fasica celta y las aventuras caballerescas narradas por el propio Conde son los protagonistas de esta fiesta.<\/li>\n<li>En la Corte de N\u00e1poles: simboliza un baile de palacio en N\u00e1poles, donde el Conde era Virrey. El baile comienza con un tempo de minuetto que se ir\u00e1 transformando con los recuerdos y la nostalgia por las Tierras de Lemos hasta convertirse en un baile celta cargado de fuerza y de sentimiento.<\/li>\n<\/ol>\n<p>&nbsp;<\/p>\n","protected":false},"featured_media":7484,"template":"","meta":{"om_disable_all_campaigns":false,"_monsterinsights_skip_tracking":false,"_monsterinsights_sitenote_active":false,"_monsterinsights_sitenote_note":"","_monsterinsights_sitenote_category":0},"product_cat":[349],"product_tag":[],"aioseo_notices":[],"lang":"es","translations":{"es":3429},"pll_sync_post":[],"_links":{"self":[{"href":"https:\/\/www.dosacordes.es\/web\/wp-json\/wp\/v2\/product\/3429"}],"collection":[{"href":"https:\/\/www.dosacordes.es\/web\/wp-json\/wp\/v2\/product"}],"about":[{"href":"https:\/\/www.dosacordes.es\/web\/wp-json\/wp\/v2\/types\/product"}],"wp:featuredmedia":[{"embeddable":true,"href":"https:\/\/www.dosacordes.es\/web\/wp-json\/wp\/v2\/media\/7484"}],"wp:attachment":[{"href":"https:\/\/www.dosacordes.es\/web\/wp-json\/wp\/v2\/media?parent=3429"}],"wp:term":[{"taxonomy":"product_cat","embeddable":true,"href":"https:\/\/www.dosacordes.es\/web\/wp-json\/wp\/v2\/product_cat?post=3429"},{"taxonomy":"product_tag","embeddable":true,"href":"https:\/\/www.dosacordes.es\/web\/wp-json\/wp\/v2\/product_tag?post=3429"}],"curies":[{"name":"wp","href":"https:\/\/api.w.org\/{rel}","templated":true}]}}