{"id":3427,"date":"2012-04-23T16:53:13","date_gmt":"2012-04-23T14:53:13","guid":{"rendered":"http:\/\/www.dosacordes.es\/web\/?product=hispanicas"},"modified":"2024-11-06T23:39:00","modified_gmt":"2024-11-06T22:39:00","slug":"hispanicas","status":"publish","type":"product","link":"https:\/\/www.dosacordes.es\/web\/producto\/hispanicas\/","title":{"rendered":"Hisp\u00e1nicas: Suite para piano"},"content":{"rendered":"","protected":false},"excerpt":{"rendered":"<h5>Andr\u00e9s Gaos\u00a0<b><br \/>\n<\/b><\/h5>\n<div>Esta suite para piano se compone de los siguientes n\u00fameros:<\/div>\n<ol>\n<li>NIEBLA EN LA ALHAMBRA<\/li>\n<li>MUI\u00d1EIRA<\/li>\n<li>JOTA NAVARRA<\/li>\n<li>HABANERA<\/li>\n<li>ZORTZICO<\/li>\n<li>ANDALUZA<\/li>\n<\/ol>\n<div>\nEn la gran mayor\u00eda de sus composiciones Gaos exhibe una inspirada l\u00ednea mel\u00f3dica acompa\u00f1ada de una densa armon\u00eda donde, a pesar de inesperadas y frecuentes modulaciones, se mantiene firme la tonalidad. Pero la composici\u00f3n que nos ocupa deja a un lado lo tonal para incursionar en cierto \u00abimpresionismo musical\u00bb.\u00a0 Se trata de una coedici\u00f3n con la Agencia Gallega de las Industrias Culturales, incluida dentro de la colecci\u00f3n ARS GALLAECIAE \u00c2\u00a0MUSICAE y perteneciente a la serie Agra Vella, de la que hace el n\u00famero 26.<\/div>\n","protected":false},"featured_media":3428,"template":"","meta":{"om_disable_all_campaigns":false,"_monsterinsights_skip_tracking":false,"_monsterinsights_sitenote_active":false,"_monsterinsights_sitenote_note":"","_monsterinsights_sitenote_category":0},"product_cat":[353],"product_tag":[638],"aioseo_notices":[],"lang":"es","translations":{"es":3427,"en":14129},"pll_sync_post":[],"_links":{"self":[{"href":"https:\/\/www.dosacordes.es\/web\/wp-json\/wp\/v2\/product\/3427"}],"collection":[{"href":"https:\/\/www.dosacordes.es\/web\/wp-json\/wp\/v2\/product"}],"about":[{"href":"https:\/\/www.dosacordes.es\/web\/wp-json\/wp\/v2\/types\/product"}],"wp:featuredmedia":[{"embeddable":true,"href":"https:\/\/www.dosacordes.es\/web\/wp-json\/wp\/v2\/media\/3428"}],"wp:attachment":[{"href":"https:\/\/www.dosacordes.es\/web\/wp-json\/wp\/v2\/media?parent=3427"}],"wp:term":[{"taxonomy":"product_cat","embeddable":true,"href":"https:\/\/www.dosacordes.es\/web\/wp-json\/wp\/v2\/product_cat?post=3427"},{"taxonomy":"product_tag","embeddable":true,"href":"https:\/\/www.dosacordes.es\/web\/wp-json\/wp\/v2\/product_tag?post=3427"}],"curies":[{"name":"wp","href":"https:\/\/api.w.org\/{rel}","templated":true}]}}