{"id":3425,"date":"2012-04-23T16:53:47","date_gmt":"2012-04-23T14:53:47","guid":{"rendered":"http:\/\/www.dosacordes.es\/web\/?product=granada"},"modified":"2024-11-06T23:53:05","modified_gmt":"2024-11-06T22:53:05","slug":"granada","status":"publish","type":"product","link":"https:\/\/www.dosacordes.es\/web\/producto\/granada\/","title":{"rendered":"Granada: Na Alhambra \u00e1 tardi\u00f1a"},"content":{"rendered":"<p>&nbsp;<\/p>\n<p align=\"center\"><span><span style=\"color: #800000;\"><span style=\"font-size: xx-large;\"><span style=\"font-size: 24px;\">\u00a0<\/span><\/span><\/span><\/span><\/p>\n","protected":false},"excerpt":{"rendered":"<div>\n<h5>Andr\u00e9s Gaos<\/h5>\n<div><\/div>\n<p>Durante los 5 a\u00f1os transcurridos entre 1913 y 1917, Gaos compone gran parte de sus obras m\u00e1s significativas: el Himno al centenario de la independencia argentina, la \u00f3pera <i>Amor vedado<\/i>, el poema sinf\u00f3nico <i>Granada<\/i> y la <i>Sonata para viol\u00edn y piano<\/i>. Extracto de la cr\u00edtica en <i>La Prensa<\/i>, de Buenos Aires, en octubre de 1916, fecha del estreno: \u00ab<i>Granada <\/i>es un Poema Sinf\u00f3nico del maestro Gaos que encierra verdadera importancia. En su instrumentaci\u00f3n, llena de colores, parece escucharse el susurrar del follaje donde dialogan las aves con sus sutiles trinos. El <i>pizzicato <\/i>que imita la guitarra y el <i>staccato col legno<\/i> de la cuerda son felices recursos. Tambi\u00e9n merece citarse la prolongada y aguda nota pedal que sostienen los violines al principio y al final del poema\u00bb.<\/p>\n<p>El CD con las partes grabadas en PDF permite realizar cuantas copias se desee, respetando el medio ambiente y asegurando ocupar el m\u00ednimo espacio posible. Un aut\u00e9ntico lujo para cualquier agrupaci\u00f3n, que permite a los propios componentes ir completando su biblioteca musical de manera econ\u00f3mica.<\/p>\n<p>Se trata de una coedici\u00f3n con la Agencia Gallega de las Industrias Culturales, incluida dentro de la colecci\u00f3n ARS GALLAECIAE MUSICAE y perteneciente a la serie Agra Vella, de la que hace el n\u00famero 25.<\/p>\n<\/div>\n","protected":false},"featured_media":3426,"template":"","meta":{"om_disable_all_campaigns":false,"_monsterinsights_skip_tracking":false,"_monsterinsights_sitenote_active":false,"_monsterinsights_sitenote_note":"","_monsterinsights_sitenote_category":0},"product_cat":[636],"product_tag":[638],"aioseo_notices":[],"lang":"es","translations":{"es":3425,"en":14142},"pll_sync_post":[],"_links":{"self":[{"href":"https:\/\/www.dosacordes.es\/web\/wp-json\/wp\/v2\/product\/3425"}],"collection":[{"href":"https:\/\/www.dosacordes.es\/web\/wp-json\/wp\/v2\/product"}],"about":[{"href":"https:\/\/www.dosacordes.es\/web\/wp-json\/wp\/v2\/types\/product"}],"wp:featuredmedia":[{"embeddable":true,"href":"https:\/\/www.dosacordes.es\/web\/wp-json\/wp\/v2\/media\/3426"}],"wp:attachment":[{"href":"https:\/\/www.dosacordes.es\/web\/wp-json\/wp\/v2\/media?parent=3425"}],"wp:term":[{"taxonomy":"product_cat","embeddable":true,"href":"https:\/\/www.dosacordes.es\/web\/wp-json\/wp\/v2\/product_cat?post=3425"},{"taxonomy":"product_tag","embeddable":true,"href":"https:\/\/www.dosacordes.es\/web\/wp-json\/wp\/v2\/product_tag?post=3425"}],"curies":[{"name":"wp","href":"https:\/\/api.w.org\/{rel}","templated":true}]}}