{"id":3409,"date":"2012-04-23T16:51:38","date_gmt":"2012-04-23T14:51:38","guid":{"rendered":"http:\/\/www.dosacordes.es\/web\/?product=lugo-ferrol"},"modified":"2020-06-07T18:40:41","modified_gmt":"2020-06-07T16:40:41","slug":"lugo-ferrol","status":"publish","type":"product","link":"https:\/\/www.dosacordes.es\/web\/producto\/lugo-ferrol\/","title":{"rendered":"Lugo-Ferrol: Pasodobre sobre motivos de aires galegos. Para banda"},"content":{"rendered":"","protected":false},"excerpt":{"rendered":"<h5>Gregorio Baudot<\/h5>\n<p>El pasodoble \u00abLugo-Ferrol\u00bb es, sin duda, la pieza m\u00e1s popular de las que escribi\u00f3 Gregorio Baudot para banda. A\u00fan hoy es repertorio habitual de nuestras bandas. La obra est\u00e1 pensada para una banda extremadamente numerosa. En su plantilla figuran un n\u00famero extraordinario de algunos instrumentos, por ej. 6 trompetas, o instrumentos que o han ca\u00eddo en desuso o son raramente usados. A pesar de ello, hemos preferido conservar la plantilla completa del autor, pues, aunque muy pocas o ninguna banda cuente con muchos de estos instrumentos, ello no impide ni perjudica la ejecuci\u00f3n de dicha obra, pues las voces adjudicadas a esos instrumentos inusuales est\u00e1n duplicadas por los instrumentos habituales en toda banda.<\/p>\n<p>El CD con las partes grabadas en PDF permite realizar cuantas copias se desee, respetando el medio ambiente y asegurando ocupar el m\u00ednimo espacio posible. Un aut\u00e9ntico lujo para cualquier agrupaci\u00f3n, que permite a los propios componentes ir completando su biblioteca musical de manera econ\u00f3mica.<\/p>\n<p>Se trata de una coedici\u00f3n con la Agencia Gallega de las Industrias Culturales, incluida dentro de la colecci\u00f3n ARS GALLAECIAE MUSICAE y perteneciente a la serie \u00c1vrego, de la que hace el n\u00famero 7.<\/p>\n","protected":false},"featured_media":3410,"template":"","meta":{"om_disable_all_campaigns":false,"_monsterinsights_skip_tracking":false,"_monsterinsights_sitenote_active":false,"_monsterinsights_sitenote_note":"","_monsterinsights_sitenote_category":0},"product_cat":[349],"product_tag":[638],"aioseo_notices":[],"lang":"es","translations":{"es":3409},"pll_sync_post":[],"_links":{"self":[{"href":"https:\/\/www.dosacordes.es\/web\/wp-json\/wp\/v2\/product\/3409"}],"collection":[{"href":"https:\/\/www.dosacordes.es\/web\/wp-json\/wp\/v2\/product"}],"about":[{"href":"https:\/\/www.dosacordes.es\/web\/wp-json\/wp\/v2\/types\/product"}],"wp:featuredmedia":[{"embeddable":true,"href":"https:\/\/www.dosacordes.es\/web\/wp-json\/wp\/v2\/media\/3410"}],"wp:attachment":[{"href":"https:\/\/www.dosacordes.es\/web\/wp-json\/wp\/v2\/media?parent=3409"}],"wp:term":[{"taxonomy":"product_cat","embeddable":true,"href":"https:\/\/www.dosacordes.es\/web\/wp-json\/wp\/v2\/product_cat?post=3409"},{"taxonomy":"product_tag","embeddable":true,"href":"https:\/\/www.dosacordes.es\/web\/wp-json\/wp\/v2\/product_tag?post=3409"}],"curies":[{"name":"wp","href":"https:\/\/api.w.org\/{rel}","templated":true}]}}