{"id":3407,"date":"2011-02-05T14:30:53","date_gmt":"2011-02-05T14:30:53","guid":{"rendered":"http:\/\/www.dosacordes.es\/web\/?product=pel-madeira-volume-ii-edicia%c2%b3n-ra%c2%bastica"},"modified":"2026-03-14T10:09:48","modified_gmt":"2026-03-14T09:09:48","slug":"pel-madeira-volume-ii-edicia%c2%b3n-ra%c2%bastica","status":"publish","type":"product","link":"https:\/\/www.dosacordes.es\/web\/producto\/pel-madeira-volume-ii-edicia%c2%b3n-ra%c2%bastica\/","title":{"rendered":"Pel &#038; madeira, vol. 2 (edici\u00f3n r\u00fastica)"},"content":{"rendered":"","protected":false},"excerpt":{"rendered":"<h5>Xes\u00fas Vaamonde, Xos\u00e9 Lois Romero<\/h5>\n<p>Este libro de partituras recolle 30 pezas populares arranxadas para d\u00faas gaitas, tambor e bombo. Incl\u00fae dous discos de son coa gravaci\u00f3n de todos os temas interpretados polos propios autores. En cada un dos CD, identificados como GAITA e PERCUSI\u00d3N, o o\u00ednte poder\u00e1 escoitar separadamente no est\u00e9reo cada un dos instrumentos que conforman o cuarteto tradicional. Deste xeito, virando o selector do balance cara \u00e1 canle dereita ou \u00e1 esquerda, poderemos anular a escoita do instrumento que queiramos e substitu\u00edlo pola nosa propia interpretaci\u00f3n ao vivo como parte integrante dun \u00abcuarteto virtual\u00bb.<\/p>\n<p>Considerando a convivencia dos dous sistemas de escrita actual, do e re, e tendo en conta a elecci\u00f3n do de do para o primeiro volume da serie, consideramos oportuno optar pola escrita en re para o gui\u00f3n deste segundo.<\/p>\n<p>Por\u00e9n, inclu\u00edmos dentro desta carpeta os caderni\u00f1os en papel coas partes independentes de cada membro do cuarteto que faciliten a interpretaci\u00f3n, coas gaitas en escrita Re; ademais, aportamos un CD-Rom con todas as partes en arquivos PDF e en ambas escritas.<\/p>\n<p>Neste segundo volume da colecci\u00f3n \u00abPel e Madeira\u00bb os autores contin\u00faan afondando no repertorio tradicional galego, partindo da idea xa presentada no volumen primeiro. Dous libros imprescindibles para gaiteiros, sexan estudantes, mestres ou int\u00e9rpretes avanzados, as\u00ed como para calquera persoa amante da nosa m\u00fasica patrimonial.<\/p>\n<p>A edici\u00f3n r\u00fastica cont\u00e9n: libro de partItura xeral para cuarteto (escrita en re), 2 cd de son (gaita e percusi\u00f3n)<br \/>\ne 1 cd-rom coas partes instrumentais en pdf (do e re).<\/p>\n","protected":false},"featured_media":3408,"template":"","meta":{"om_disable_all_campaigns":false,"_monsterinsights_skip_tracking":false,"_monsterinsights_sitenote_active":false,"_monsterinsights_sitenote_note":"","_monsterinsights_sitenote_category":0},"product_cat":[347],"product_tag":[],"aioseo_notices":[],"lang":"es","translations":{"es":3407},"pll_sync_post":[],"_links":{"self":[{"href":"https:\/\/www.dosacordes.es\/web\/wp-json\/wp\/v2\/product\/3407"}],"collection":[{"href":"https:\/\/www.dosacordes.es\/web\/wp-json\/wp\/v2\/product"}],"about":[{"href":"https:\/\/www.dosacordes.es\/web\/wp-json\/wp\/v2\/types\/product"}],"wp:featuredmedia":[{"embeddable":true,"href":"https:\/\/www.dosacordes.es\/web\/wp-json\/wp\/v2\/media\/3408"}],"wp:attachment":[{"href":"https:\/\/www.dosacordes.es\/web\/wp-json\/wp\/v2\/media?parent=3407"}],"wp:term":[{"taxonomy":"product_cat","embeddable":true,"href":"https:\/\/www.dosacordes.es\/web\/wp-json\/wp\/v2\/product_cat?post=3407"},{"taxonomy":"product_tag","embeddable":true,"href":"https:\/\/www.dosacordes.es\/web\/wp-json\/wp\/v2\/product_tag?post=3407"}],"curies":[{"name":"wp","href":"https:\/\/api.w.org\/{rel}","templated":true}]}}