{"id":3403,"date":"2012-10-22T10:14:10","date_gmt":"2012-10-22T08:14:10","guid":{"rendered":"http:\/\/www.dosacordes.es\/web\/?product=tambaluca-que-bonito-a"},"modified":"2020-07-21T20:20:03","modified_gmt":"2020-07-21T18:20:03","slug":"tambaluca-que-bonito-a","status":"publish","type":"product","link":"https:\/\/www.dosacordes.es\/web\/producto\/tambaluca-que-bonito-a\/","title":{"rendered":"Tambaluca &#8211; Que bonito \u00e9!"},"content":{"rendered":"<div style=\"text-align: justify;\">\n<p>Tambaluca \u00e9 un novo grupo de cantareiras que, m\u00e1is al\u00f3 do canto acompa\u00f1ado de pandeiretas, engaden a \u00e9ste sons de acorde\u00f3n, gaitas e de percusi\u00f3n tradicional. As canci\u00f3ns populares de A Guardia, mesturadas co repertorio habitual das pandereteiras galegas, conforman esta nova proposta de Dos Acordes en prol da nosa m\u00fasica patrimonial.<\/p>\n<p>Todos os temas recollidos neste CD son tradicionais, arranxados por Tambaluca:<\/p>\n<p>M\u00c2\u00aa Emilia Mart\u00ednez P\u00e9rez (voz, pandeireta, tr\u00e9cola), Ana P\u00e9rez Fern\u00e1ndez (voz, pandeireta), Margarita Mart\u00ednez Lomba (voz, pandeireta), M\u00c2\u00aa Natividad Pacheco Pacheco (voz, pandeireta), Carmen M\u00c2\u00aa Pacheco Pacheco (voz, pandeireta), Ver\u00f3nica Collazo Cabaleiro (voz, pandeireta), M\u00c2\u00aa Josefa Baz Cadilla (voz, pandeireta, culleres), Margarita Santiago Adrover (voz, pandeireta), Carmen Rivero Alonso (voz, pandeireta, botella de an\u00eds), Carmen Luisa Rodr\u00edguez Cruces (voz, pandeireta, pandeiro), Alma M\u00c2\u00aa Caama\u00f1o Romero (voz, pandeireta, acorde\u00f3n, gaita, tamboril, bombo)<\/p>\n<p>Gravado nos estudios de Dos Acordes, S.L.<br \/>\nGravaci\u00f3n, mesturas, masterizaci\u00f3n e produci\u00f3n art\u00edstica: Juan Casado<br \/>\nProduci\u00f3n executiva: Javier Jurado<\/p>\n<\/div>\n<p>&nbsp;<\/p>\n<hr style=\"width: 100%; height: 2px;\" \/>\n<p>&nbsp;<\/p>\n<div style=\"text-align: justify;\">\n<p>Tambaluca es un nuevo grupo de cantareiras que, m\u00e1s all\u00e1 del canto acompa\u00f1ado de panderetas, a\u00f1aden a \u00e9ste sonidos de acorde\u00f3n, gaitas y de percusi\u00f3n tradicional. Las canciones populares de A Guardia, mezcladas con\u00c2\u00a0 el repertorio habitual de las pandereteras gallegas, dan forma a esta nueva propuesta de Dos Acordes en favor de la m\u00fasica patrimonial gallega.<\/p>\n<p>Todos los temas recogidos en este CD son tradicionales, arreglados por Tambaluca:<\/p>\n<p>M\u00c2\u00aa Emilia Mart\u00ednez P\u00e9rez (voz, pandereta, tr\u00e9cola), Ana P\u00e9rez Fern\u00e1ndez (voz, pandereta), Margarita Mart\u00ednez Lomba (voz, pandereta), M\u00c2\u00aa Natividad Pacheco Pacheco (voz, pandereta), Carmen M\u00c2\u00aa Pacheco Pacheco (voz, pandereta), Ver\u00f3nica Collazo Cabaleiro (voz, pandereta), M\u00c2\u00aa Josefa Baz Cadilla (voz, pandereta, cucharas), Margarita Santiago Adrover (voz, pandereta), Carmen Rivero Alonso (voz, pandereta, botella de an\u00eds), Carmen Luisa Rodr\u00edguez Cruces (voz, pandereta, pandero), Alma M\u00c2\u00aa Caama\u00f1o Romero (voz, pandereta, acorde\u00f3n, gaita, tamboril, bombo)<\/p>\n<p>Grabado en los estudios de Dos Acordes, S.L.<br \/>\nGrabaci\u00f3n, mezclas, masterizaci\u00f3n y producci\u00f3n art\u00edstica: Juan Casado<br \/>\nProducci\u00f3n ejecutiva: Javier Jurado<\/p>\n<\/div>\n","protected":false},"excerpt":{"rendered":"<p>Tambaluca \u00e9 un novo grupo de cantareiras que, m\u00e1is al\u00f3 do canto acompa\u00f1ado de pandeiretas, engaden a \u00e9ste sons de acorde\u00f3n, gaitas e de percusi\u00f3n tradicional. As canci\u00f3ns populares de A Guardia, mesturadas co repertorio habitual das pandereteiras galegas, conforman esta nova proposta de Dos Acordes en prol da nosa m\u00fasica patrimonial. Todos os temas [&hellip;]<\/p>\n","protected":false},"featured_media":7453,"template":"","meta":{"om_disable_all_campaigns":false,"_monsterinsights_skip_tracking":false,"_monsterinsights_sitenote_active":false,"_monsterinsights_sitenote_note":"","_monsterinsights_sitenote_category":0},"product_cat":[350],"product_tag":[],"aioseo_notices":[],"lang":"es","translations":{"es":3403},"pll_sync_post":[],"_links":{"self":[{"href":"https:\/\/www.dosacordes.es\/web\/wp-json\/wp\/v2\/product\/3403"}],"collection":[{"href":"https:\/\/www.dosacordes.es\/web\/wp-json\/wp\/v2\/product"}],"about":[{"href":"https:\/\/www.dosacordes.es\/web\/wp-json\/wp\/v2\/types\/product"}],"wp:featuredmedia":[{"embeddable":true,"href":"https:\/\/www.dosacordes.es\/web\/wp-json\/wp\/v2\/media\/7453"}],"wp:attachment":[{"href":"https:\/\/www.dosacordes.es\/web\/wp-json\/wp\/v2\/media?parent=3403"}],"wp:term":[{"taxonomy":"product_cat","embeddable":true,"href":"https:\/\/www.dosacordes.es\/web\/wp-json\/wp\/v2\/product_cat?post=3403"},{"taxonomy":"product_tag","embeddable":true,"href":"https:\/\/www.dosacordes.es\/web\/wp-json\/wp\/v2\/product_tag?post=3403"}],"curies":[{"name":"wp","href":"https:\/\/api.w.org\/{rel}","templated":true}]}}