{"id":3391,"date":"2010-10-17T15:53:34","date_gmt":"2010-10-17T15:53:34","guid":{"rendered":"http:\/\/www.dosacordes.es\/web\/?product=tambor-escocas-nivel-avanzado"},"modified":"2024-11-12T10:45:43","modified_gmt":"2024-11-12T09:45:43","slug":"tambor-escocas-nivel-avanzado","status":"publish","type":"product","link":"https:\/\/www.dosacordes.es\/web\/producto\/tambor-escocas-nivel-avanzado\/","title":{"rendered":"Tambor escoc\u00e9s: Nivel Avanzado"},"content":{"rendered":"","protected":false},"excerpt":{"rendered":"<h5><span class=\"tResal\">David Outumuro<\/span><\/h5>\n<p><span class=\"tComun\">El tambor es un instrumento b\u00e1sico en el mundo de la percusi\u00f3n. <\/span><span class=\"tComun\">Funciona como instrumento solo, como acompa\u00f1ante, o bien en compa\u00f1\u00eda de otros instrumentos, <\/span><span class=\"tComun\">como en la bater\u00eda. <\/span><span class=\"tComun\">El tambor escoc\u00e9s es, quiz\u00e1s, el m\u00e1s utilizado en las bandas de gaitas y su caracter\u00edstico tipo <\/span><span class=\"tComun\">de fraseo y matizaci\u00f3n lo hace m\u00e1s flexible y musical que los m\u00e9todos derivados de los rudimentos <\/span><span class=\"tComun\">americanos o \u00abinternacionales\u00bb. <\/span><span class=\"tComun\">El m\u00e9todo propuesto es v\u00e1lido para escuelas de m\u00fasica, conservatorios (en todos los grados) y, <\/span><span class=\"tComun\">evidentemente, bandas de gaitas; imprescindible para todo estudiante o profesional, como formaci\u00f3n <\/span><span class=\"tComun\">b\u00e1sica o complementaria. <\/span><span class=\"tComun\">\u00a0<\/span><br \/>\n<span class=\"tComun\"><br \/>\nEl libro es el tercero y \u00faltimo de la serie, despu\u00e9s de los ya publicados Nivel Inicial y el Nivel Intermedio, por lo que, tanto en la parte dedicada a los Ejercicios como en la de Piezas, se observa una progresi\u00f3n en el grado de dificultad, que facilita un correcto aprendizaje.\u00a0<\/span><br \/>\n<span class=\"tComun\"><br \/>\nEl autor, David Gonz\u00e1lez Outumuro, Titulado Superior en Percusi\u00f3n y profesor de percusi\u00f3n en el conservatorio de Ourense, posee una gran experiencia docente y profesional, con una destacada dedicaci\u00f3n al tambor, que lo acompa\u00f1a desde su juventud, como int\u00e9rprete y director de bandas de gaitas. <\/span><br \/>\n<span class=\"tComun\">\u00a0<\/span><span class=\"tComun\"><br \/>\n<\/span><\/p>\n","protected":false},"featured_media":7514,"template":"","meta":{"om_disable_all_campaigns":false,"_monsterinsights_skip_tracking":false,"_monsterinsights_sitenote_active":false,"_monsterinsights_sitenote_note":"","_monsterinsights_sitenote_category":0},"product_cat":[354],"product_tag":[],"aioseo_notices":[],"lang":"es","translations":{"es":3391,"en":14122},"pll_sync_post":[],"_links":{"self":[{"href":"https:\/\/www.dosacordes.es\/web\/wp-json\/wp\/v2\/product\/3391"}],"collection":[{"href":"https:\/\/www.dosacordes.es\/web\/wp-json\/wp\/v2\/product"}],"about":[{"href":"https:\/\/www.dosacordes.es\/web\/wp-json\/wp\/v2\/types\/product"}],"wp:featuredmedia":[{"embeddable":true,"href":"https:\/\/www.dosacordes.es\/web\/wp-json\/wp\/v2\/media\/7514"}],"wp:attachment":[{"href":"https:\/\/www.dosacordes.es\/web\/wp-json\/wp\/v2\/media?parent=3391"}],"wp:term":[{"taxonomy":"product_cat","embeddable":true,"href":"https:\/\/www.dosacordes.es\/web\/wp-json\/wp\/v2\/product_cat?post=3391"},{"taxonomy":"product_tag","embeddable":true,"href":"https:\/\/www.dosacordes.es\/web\/wp-json\/wp\/v2\/product_tag?post=3391"}],"curies":[{"name":"wp","href":"https:\/\/api.w.org\/{rel}","templated":true}]}}