{"id":3381,"date":"2011-01-07T21:58:29","date_gmt":"2011-01-07T21:58:29","guid":{"rendered":"http:\/\/www.dosacordes.es\/web\/?product=cuaderno-de-escalas"},"modified":"2025-01-20T23:10:00","modified_gmt":"2025-01-20T22:10:00","slug":"cuaderno-de-escalas","status":"publish","type":"product","link":"https:\/\/www.dosacordes.es\/web\/producto\/cuaderno-de-escalas\/","title":{"rendered":"Cuaderno de escalas, para clarinete"},"content":{"rendered":"","protected":false},"excerpt":{"rendered":"<h5>Santiago Comesa\u00f1a, Nicanor Dom\u00ednguez<\/h5>\n<p><span class=\"tComun\">En este m\u00e9todo se presentan todas las escalas mayores y menores de modo conciso y ordenado, siguiendo un criterio pedag\u00f3gico en su realizaci\u00f3n, derivado de la experiencia de los autores como profesores de conservatorio. <\/span><span class=\"tComun\">Previamente a cada escala se encuentran los correspondientes ejercicios de afinaci\u00f3n, que es posible trabajar de diversas formas: un\u00edsonos, octavas, terceras, quintas o como soporte de afinaci\u00f3n mientras se practican el staccato o ejercicios r\u00edtmicos de diversa \u00edndole. <\/span><span class=\"tComun\">Con el apoyo de los 480 cortes incluidos en el CD-mp3 que acompa\u00f1a a este m\u00e9todo, todos los ejercicios se pueden practicar en cuatro afinaciones diferentes, dependiendo del momento en que se realicen; adem\u00e1s, el apoyo musical facilita la ejecuci\u00f3n y el desarrollo auditivo en el estudio diario.<\/span><\/p>\n<p><span class=\"tComun\">Las tesituras de los ejercicios presentados est\u00e1n pensadas para satisfacer a todos los niveles, puesto que abarcan el registro completo del instrumento; cada persona debe trabajar este m\u00e9todo seg\u00fan sus necesidades y conocimientos y, en el caso de alumnado de nivel inicial, siempre bajo la tutela del profesorado.<\/span><\/p>\n<p><span class=\"tComun\">La sistematizaci\u00f3n de las escalas hace de este m\u00e9todo un excelente libro de apoyo, v\u00e1lido durante los estudios o, incluso, toda la vida profesional del clarinetista.<\/span><span class=\"tComun\"><br \/>\n<\/span><\/p>\n","protected":false},"featured_media":13478,"template":"","meta":{"om_disable_all_campaigns":false,"_monsterinsights_skip_tracking":false,"_monsterinsights_sitenote_active":false,"_monsterinsights_sitenote_note":"","_monsterinsights_sitenote_category":0},"product_cat":[362],"product_tag":[],"aioseo_notices":[],"lang":"es","translations":{"es":3381,"en":14090},"pll_sync_post":[],"_links":{"self":[{"href":"https:\/\/www.dosacordes.es\/web\/wp-json\/wp\/v2\/product\/3381"}],"collection":[{"href":"https:\/\/www.dosacordes.es\/web\/wp-json\/wp\/v2\/product"}],"about":[{"href":"https:\/\/www.dosacordes.es\/web\/wp-json\/wp\/v2\/types\/product"}],"wp:featuredmedia":[{"embeddable":true,"href":"https:\/\/www.dosacordes.es\/web\/wp-json\/wp\/v2\/media\/13478"}],"wp:attachment":[{"href":"https:\/\/www.dosacordes.es\/web\/wp-json\/wp\/v2\/media?parent=3381"}],"wp:term":[{"taxonomy":"product_cat","embeddable":true,"href":"https:\/\/www.dosacordes.es\/web\/wp-json\/wp\/v2\/product_cat?post=3381"},{"taxonomy":"product_tag","embeddable":true,"href":"https:\/\/www.dosacordes.es\/web\/wp-json\/wp\/v2\/product_tag?post=3381"}],"curies":[{"name":"wp","href":"https:\/\/api.w.org\/{rel}","templated":true}]}}