{"id":3375,"date":"2011-01-07T22:19:58","date_gmt":"2011-01-07T22:19:58","guid":{"rendered":"http:\/\/www.dosacordes.es\/web\/?product=mestre-vide-obra-completa-volume-iii-obra-coral"},"modified":"2022-07-26T09:00:31","modified_gmt":"2022-07-26T07:00:31","slug":"mestre-vide-obra-completa-volume-iii-obra-coral","status":"publish","type":"product","link":"https:\/\/www.dosacordes.es\/web\/producto\/mestre-vide-obra-completa-volume-iii-obra-coral\/","title":{"rendered":"Mestre Vide: Obra Completa. Volume III: Obra Coral"},"content":{"rendered":"","protected":false},"excerpt":{"rendered":"<h5>Jos\u00e9 Fern\u00e1ndez Vide<\/h5>\n<p><span class=\"tComun\">Editado por la Diputaci\u00f3n Provincial de Ourense, se trata del tercer tomo de <\/span><span class=\"tComun\">la obra completa del Maestro Vide, dedicado a su m\u00fasica coral. Incluye un <\/span><span class=\"tComun\">estudio biogr\u00e1fico y anal\u00edtico interpretativo de las obras, compuestas para diferentes agrupaciones: coro mixto, orfe\u00f3n de hombres, voces iguales de mujeres o ni\u00f1os, sin y con acompa\u00f1amiento de formaciones diversas y\/o teclados (piano y harmonium). Vide ejerci\u00f3 como director de coros en el <\/span><span class=\"tComun\">&#8216;Centro Gallego de La Habana&#8217;, y de varias corales orensanas (incluyendo el <\/span><span class=\"tComun\">&#8216;Orfe\u00f3n Uni\u00f3n Orensana&#8217;), por lo que su conocimiento del g\u00e9nero es m\u00e1s que <\/span><span class=\"tComun\">amplio. <\/span>Incluye un total de 36 obras.<\/p>\n","protected":false},"featured_media":3376,"template":"","meta":{"om_disable_all_campaigns":false,"_monsterinsights_skip_tracking":false,"_monsterinsights_sitenote_active":false,"_monsterinsights_sitenote_note":"","_monsterinsights_sitenote_category":0},"product_cat":[359],"product_tag":[],"aioseo_notices":[],"lang":"es","translations":{"es":3375},"pll_sync_post":[],"_links":{"self":[{"href":"https:\/\/www.dosacordes.es\/web\/wp-json\/wp\/v2\/product\/3375"}],"collection":[{"href":"https:\/\/www.dosacordes.es\/web\/wp-json\/wp\/v2\/product"}],"about":[{"href":"https:\/\/www.dosacordes.es\/web\/wp-json\/wp\/v2\/types\/product"}],"wp:featuredmedia":[{"embeddable":true,"href":"https:\/\/www.dosacordes.es\/web\/wp-json\/wp\/v2\/media\/3376"}],"wp:attachment":[{"href":"https:\/\/www.dosacordes.es\/web\/wp-json\/wp\/v2\/media?parent=3375"}],"wp:term":[{"taxonomy":"product_cat","embeddable":true,"href":"https:\/\/www.dosacordes.es\/web\/wp-json\/wp\/v2\/product_cat?post=3375"},{"taxonomy":"product_tag","embeddable":true,"href":"https:\/\/www.dosacordes.es\/web\/wp-json\/wp\/v2\/product_tag?post=3375"}],"curies":[{"name":"wp","href":"https:\/\/api.w.org\/{rel}","templated":true}]}}