{"id":3373,"date":"2011-01-07T22:20:35","date_gmt":"2011-01-07T22:20:35","guid":{"rendered":"http:\/\/www.dosacordes.es\/web\/?product=mestre-vide-obra-completa-volumen-ii-voz-e-piano-cancia%c2%b3ns"},"modified":"2025-12-15T14:21:20","modified_gmt":"2025-12-15T13:21:20","slug":"mestre-vide-obra-completa-volumen-ii-voz-e-piano-cancia%c2%b3ns","status":"publish","type":"product","link":"https:\/\/www.dosacordes.es\/web\/producto\/mestre-vide-obra-completa-volumen-ii-voz-e-piano-cancia%c2%b3ns\/","title":{"rendered":"Mestre Vide: Obra Completa. Volumen II: Voz e Piano. Canci\u00f3ns"},"content":{"rendered":"","protected":false},"excerpt":{"rendered":"<h5><span class=\"tResal\">Jos\u00e9 Fern\u00e1ndez Vide<\/span><\/h5>\n<p><span class=\"tComun\">Editado por la Diputaci\u00f3n Provincial de Ourense, se trata del segundo tomo de la colecci\u00f3n que pone a disposici\u00f3n del p\u00fablico la obra para voz y piano de Jos\u00e9 Fern\u00e1ndez Vide (\u00abmestre Vide\u00bb), que podemos enmarcar en la tradici\u00f3n l\u00edrica gallega, presente tambi\u00e9n en compositores como Marcial del Adalid, Castro Chan\u00e9, Montes, Baldomir y otros.<\/span><\/p>\n","protected":false},"featured_media":3374,"template":"","meta":{"om_disable_all_campaigns":false,"_monsterinsights_skip_tracking":false,"_monsterinsights_sitenote_active":false,"_monsterinsights_sitenote_note":"","_monsterinsights_sitenote_category":0},"product_cat":[360],"product_tag":[],"aioseo_notices":[],"lang":"es","translations":{"es":3373},"pll_sync_post":[],"_links":{"self":[{"href":"https:\/\/www.dosacordes.es\/web\/wp-json\/wp\/v2\/product\/3373"}],"collection":[{"href":"https:\/\/www.dosacordes.es\/web\/wp-json\/wp\/v2\/product"}],"about":[{"href":"https:\/\/www.dosacordes.es\/web\/wp-json\/wp\/v2\/types\/product"}],"wp:featuredmedia":[{"embeddable":true,"href":"https:\/\/www.dosacordes.es\/web\/wp-json\/wp\/v2\/media\/3374"}],"wp:attachment":[{"href":"https:\/\/www.dosacordes.es\/web\/wp-json\/wp\/v2\/media?parent=3373"}],"wp:term":[{"taxonomy":"product_cat","embeddable":true,"href":"https:\/\/www.dosacordes.es\/web\/wp-json\/wp\/v2\/product_cat?post=3373"},{"taxonomy":"product_tag","embeddable":true,"href":"https:\/\/www.dosacordes.es\/web\/wp-json\/wp\/v2\/product_tag?post=3373"}],"curies":[{"name":"wp","href":"https:\/\/api.w.org\/{rel}","templated":true}]}}