{"id":3371,"date":"2020-05-30T03:15:47","date_gmt":"2020-05-30T03:15:47","guid":{"rendered":"http:\/\/www.dosacordes.es\/web\/?product=canto-asteca-para-voz-y-piano"},"modified":"2020-06-03T20:03:00","modified_gmt":"2020-06-03T18:03:00","slug":"canto-asteca-para-voz-y-piano","status":"publish","type":"product","link":"https:\/\/www.dosacordes.es\/web\/producto\/canto-asteca-para-voz-y-piano\/","title":{"rendered":"Canto asteca: para voz y piano"},"content":{"rendered":"","protected":false},"excerpt":{"rendered":"<h5><span class=\"tResal\">Jo\u00e1m Trillo<\/span><\/h5>\n<p><span class=\"tComun\">El IGAEM y Dos Acordes se unen para ofrecer al compositor, director de orquesta y music\u00f3logo, Jo\u00e1m Trillo, un merecido homenaje con la publicaci\u00f3n de la integral de sus obras para coro y del Canto Asteca, para voz y piano. Tributo a toda una vida de dedicaci\u00f3n a la m\u00fasica, esta publicaci\u00f3n resulta imprescindible a la hora de poder hablar, con criterio, de los compositores gallegos de la actualidad, si bien en este caso rebasa las fronteras del pa\u00eds mucho m\u00e1s all\u00e1 de sus estrechos l\u00edmites.<\/span><\/p>\n","protected":false},"featured_media":3372,"template":"","meta":{"om_disable_all_campaigns":false,"_monsterinsights_skip_tracking":false,"_monsterinsights_sitenote_active":false,"_monsterinsights_sitenote_note":"","_monsterinsights_sitenote_category":0},"product_cat":[360],"product_tag":[],"aioseo_notices":[],"lang":"es","translations":{"es":3371},"pll_sync_post":[],"_links":{"self":[{"href":"https:\/\/www.dosacordes.es\/web\/wp-json\/wp\/v2\/product\/3371"}],"collection":[{"href":"https:\/\/www.dosacordes.es\/web\/wp-json\/wp\/v2\/product"}],"about":[{"href":"https:\/\/www.dosacordes.es\/web\/wp-json\/wp\/v2\/types\/product"}],"wp:featuredmedia":[{"embeddable":true,"href":"https:\/\/www.dosacordes.es\/web\/wp-json\/wp\/v2\/media\/3372"}],"wp:attachment":[{"href":"https:\/\/www.dosacordes.es\/web\/wp-json\/wp\/v2\/media?parent=3371"}],"wp:term":[{"taxonomy":"product_cat","embeddable":true,"href":"https:\/\/www.dosacordes.es\/web\/wp-json\/wp\/v2\/product_cat?post=3371"},{"taxonomy":"product_tag","embeddable":true,"href":"https:\/\/www.dosacordes.es\/web\/wp-json\/wp\/v2\/product_tag?post=3371"}],"curies":[{"name":"wp","href":"https:\/\/api.w.org\/{rel}","templated":true}]}}