{"id":3369,"date":"2020-05-30T03:15:45","date_gmt":"2020-05-30T01:15:45","guid":{"rendered":"http:\/\/www.dosacordes.es\/web\/?product=mina-nai-miaa-velliaa"},"modified":"2025-01-23T00:26:00","modified_gmt":"2025-01-22T23:26:00","slug":"mina-nai-miaa-velliaa","status":"publish","type":"product","link":"https:\/\/www.dosacordes.es\/web\/producto\/mina-nai-miaa-velliaa\/","title":{"rendered":"Mina nai, mi\u00f1a velli\u00f1a"},"content":{"rendered":"","protected":false},"excerpt":{"rendered":"<h5><span class=\"tResal\">Carlos Cambeiro<\/span><\/h5>\n<p><span class=\"tComun\">Deliciosa canci\u00f3n para voz y piano del compositor Carlos Cambeiro, profesor y jefe del departamento de composici\u00f3n en el Conservatorio Superior de M\u00fasica de Vigo. <\/span><\/p>\n","protected":false},"featured_media":3370,"template":"","meta":{"om_disable_all_campaigns":false,"_monsterinsights_skip_tracking":false,"_monsterinsights_sitenote_active":false,"_monsterinsights_sitenote_note":"","_monsterinsights_sitenote_category":0},"product_cat":[360],"product_tag":[],"aioseo_notices":[],"lang":"es","translations":{"es":3369},"pll_sync_post":[],"_links":{"self":[{"href":"https:\/\/www.dosacordes.es\/web\/wp-json\/wp\/v2\/product\/3369"}],"collection":[{"href":"https:\/\/www.dosacordes.es\/web\/wp-json\/wp\/v2\/product"}],"about":[{"href":"https:\/\/www.dosacordes.es\/web\/wp-json\/wp\/v2\/types\/product"}],"wp:featuredmedia":[{"embeddable":true,"href":"https:\/\/www.dosacordes.es\/web\/wp-json\/wp\/v2\/media\/3370"}],"wp:attachment":[{"href":"https:\/\/www.dosacordes.es\/web\/wp-json\/wp\/v2\/media?parent=3369"}],"wp:term":[{"taxonomy":"product_cat","embeddable":true,"href":"https:\/\/www.dosacordes.es\/web\/wp-json\/wp\/v2\/product_cat?post=3369"},{"taxonomy":"product_tag","embeddable":true,"href":"https:\/\/www.dosacordes.es\/web\/wp-json\/wp\/v2\/product_tag?post=3369"}],"curies":[{"name":"wp","href":"https:\/\/api.w.org\/{rel}","templated":true}]}}