{"id":3363,"date":"2020-05-30T03:15:37","date_gmt":"2020-05-30T03:15:37","guid":{"rendered":"http:\/\/www.dosacordes.es\/web\/?product=la-noche-se-ha-puesto-hermosa-obras-para-coro"},"modified":"2020-06-04T10:53:58","modified_gmt":"2020-06-04T08:53:58","slug":"la-noche-se-ha-puesto-hermosa-obras-para-coro","status":"publish","type":"product","link":"https:\/\/www.dosacordes.es\/web\/producto\/la-noche-se-ha-puesto-hermosa-obras-para-coro\/","title":{"rendered":"La noche se ha puesto hermosa: Seis canciones de Navidad"},"content":{"rendered":"","protected":false},"excerpt":{"rendered":"<h5><span class=\"tResal\">Eduardo Correa<\/span><\/h5>\n<p><span class=\"tComun\">Eduardo Correa, compositor argentino de reconocido prestigio, es el encargado de abrir esta nueva serie de \u00abCuadernos\u00bb, con \u00abLa noche se ha puesto hermosa. Seis canciones de Navidad\u00bb. A lo largo de un precioso recorrido, que nos lleva desde la m\u00fasica del extremo sur hasta el norte de Sudam\u00e9rica, el autor presenta obras de tem\u00e1tica navide\u00f1a, tanto del repertorio tradicional como de autores de reconocido prestigio, versionadas para coros vocacionales a cuatro voces. <\/span><\/p>\n","protected":false},"featured_media":3364,"template":"","meta":{"om_disable_all_campaigns":false,"_monsterinsights_skip_tracking":false,"_monsterinsights_sitenote_active":false,"_monsterinsights_sitenote_note":"","_monsterinsights_sitenote_category":0},"product_cat":[359],"product_tag":[],"aioseo_notices":[],"lang":"es","translations":{"es":3363},"pll_sync_post":[],"_links":{"self":[{"href":"https:\/\/www.dosacordes.es\/web\/wp-json\/wp\/v2\/product\/3363"}],"collection":[{"href":"https:\/\/www.dosacordes.es\/web\/wp-json\/wp\/v2\/product"}],"about":[{"href":"https:\/\/www.dosacordes.es\/web\/wp-json\/wp\/v2\/types\/product"}],"wp:featuredmedia":[{"embeddable":true,"href":"https:\/\/www.dosacordes.es\/web\/wp-json\/wp\/v2\/media\/3364"}],"wp:attachment":[{"href":"https:\/\/www.dosacordes.es\/web\/wp-json\/wp\/v2\/media?parent=3363"}],"wp:term":[{"taxonomy":"product_cat","embeddable":true,"href":"https:\/\/www.dosacordes.es\/web\/wp-json\/wp\/v2\/product_cat?post=3363"},{"taxonomy":"product_tag","embeddable":true,"href":"https:\/\/www.dosacordes.es\/web\/wp-json\/wp\/v2\/product_tag?post=3363"}],"curies":[{"name":"wp","href":"https:\/\/api.w.org\/{rel}","templated":true}]}}