{"id":3361,"date":"2012-08-22T17:48:13","date_gmt":"2012-08-22T15:48:13","guid":{"rendered":"http:\/\/www.dosacordes.es\/web\/?product=a-man-lixeira-pezas-para-acordea%c2%b3n"},"modified":"2025-12-26T10:47:46","modified_gmt":"2025-12-26T09:47:46","slug":"a-man-lixeira-pezas-para-acordea%c2%b3n","status":"publish","type":"product","link":"https:\/\/www.dosacordes.es\/web\/producto\/a-man-lixeira-pezas-para-acordea%c2%b3n\/","title":{"rendered":"A man lixeira: Pezas para acorde\u00f3n"},"content":{"rendered":"","protected":false},"excerpt":{"rendered":"<div>\n<h5><span class=\"tResal\">Fernando Fraga<\/span><\/h5>\n<p><span class=\"tComun\">Desde la incorporaci\u00f3n del acorde\u00f3n a los conservatorios espa\u00f1oles se han empleado, casi siempre, partituras y m\u00e9todos hechos en otros pa\u00edses que poseen m\u00e1s tradici\u00f3n acad\u00e9mica en este instrumento. <\/span><span class=\"tComun\">Progresivamente, comienzan a aparecer tratados en los que se emplea la musicalizaci\u00f3n de melod\u00edas tradicionales para el tratamiento de cuestiones t\u00e9cnicas concretas. <\/span><span class=\"tComun\">Este trabajo pretende acercar a los estudiantes de acorde\u00f3n 45 obras basadas en el folclore gallego, adaptadas tanto al modelo de acorde\u00f3n de bajos crom\u00e1ticos como al de bajos tradicionales.\u00a0 <\/span><span class=\"tComun\">El autor, Fernando Fraga, es un reconocido int\u00e9rprete, profesor de acorde\u00f3n en el Conservatorio Superior de M\u00fasica de A Coru\u00f1a.<\/span><\/p>\n<p><span class=\"tComun\">Incluye un CD-audio con la totalidad de las obras, interpretadas por el autor.\u00a0<\/span><\/p>\n<p>&nbsp;<\/p>\n<\/div>\n","protected":false},"featured_media":7521,"template":"","meta":{"om_disable_all_campaigns":false,"_monsterinsights_skip_tracking":false,"_monsterinsights_sitenote_active":false,"_monsterinsights_sitenote_note":"","_monsterinsights_sitenote_category":0},"product_cat":[358],"product_tag":[],"aioseo_notices":[],"lang":"es","translations":{"es":3361},"pll_sync_post":[],"_links":{"self":[{"href":"https:\/\/www.dosacordes.es\/web\/wp-json\/wp\/v2\/product\/3361"}],"collection":[{"href":"https:\/\/www.dosacordes.es\/web\/wp-json\/wp\/v2\/product"}],"about":[{"href":"https:\/\/www.dosacordes.es\/web\/wp-json\/wp\/v2\/types\/product"}],"wp:featuredmedia":[{"embeddable":true,"href":"https:\/\/www.dosacordes.es\/web\/wp-json\/wp\/v2\/media\/7521"}],"wp:attachment":[{"href":"https:\/\/www.dosacordes.es\/web\/wp-json\/wp\/v2\/media?parent=3361"}],"wp:term":[{"taxonomy":"product_cat","embeddable":true,"href":"https:\/\/www.dosacordes.es\/web\/wp-json\/wp\/v2\/product_cat?post=3361"},{"taxonomy":"product_tag","embeddable":true,"href":"https:\/\/www.dosacordes.es\/web\/wp-json\/wp\/v2\/product_tag?post=3361"}],"curies":[{"name":"wp","href":"https:\/\/api.w.org\/{rel}","templated":true}]}}