{"id":3353,"date":"2020-05-30T03:15:24","date_gmt":"2020-05-30T03:15:24","guid":{"rendered":"http:\/\/www.dosacordes.es\/web\/?product=cuadernos-para-el-argano-echevarraa-de-santa-marina-la-real"},"modified":"2024-11-06T23:22:45","modified_gmt":"2024-11-06T22:22:45","slug":"cuadernos-para-el-argano-echevarraa-de-santa-marina-la-real","status":"publish","type":"product","link":"https:\/\/www.dosacordes.es\/web\/producto\/cuadernos-para-el-argano-echevarraa-de-santa-marina-la-real\/","title":{"rendered":"Cuadernos para el \u00f3rgano Echevarr\u00eda de Santa Marina La Real, vol. 1"},"content":{"rendered":"","protected":false},"excerpt":{"rendered":"<div>\n<h5><span class=\"tComun\">Adolfo G. Viejo<\/span>,<span class=\"tComun\"> \u00c1ngel Oliver Pina, Miguel del Barco, Robert Helmshrott<\/span><\/h5>\n<\/div>\n<ul>\n<li><span class=\"tComun\"><em>Versos del Alto Poema<\/em>, de Adolfo G. Viejo<\/span><\/li>\n<li><span class=\"tComun\"><em>Cuatro tientos para \u00f3rgano<\/em>, de \u00c1ngel Oliver Pina<\/span><\/li>\n<li><span class=\"tComun\"><em>Resonancias leonesas<\/em>, de Miguel del Barco<\/span><\/li>\n<li><em>Tonadas y danzas del campo leon\u00e9s<\/em>, de Robert Helmshrott<\/li>\n<\/ul>\n<p>Durante las \u00faltimas d\u00e9cadas se ha dado en Espa\u00f1a una extraordinaria proliferaci\u00f3n de restauraciones de \u00f3rganos pertenecientes a la est\u00e9tica del siglo XVIII. Por sus caracter\u00edsticas t\u00e9cnicas y t\u00edmbricas, estos \u00f3rganos resultan aptos para reproducir la m\u00fasica ib\u00e9rica de tres siglos (XVI, XVII y XVIII), si bien la gran producci\u00f3n europea de los siglos XVII y XVIII ya no tiene cabida en estos instrumentos y, mucho menos, la m\u00fasica del Romanticismo o del siglo XX. Estas caracter\u00edsticas<span class=\"tComun\"> t\u00e9cnicas condicionan de manera determinante la actividad m\u00fasico-cultural que puede desarrollarse con estos instrumentos, que corren el riesgo de verse relegados a una posici\u00f3n muse\u00edstica. <\/span><span class=\"tComun\">El proyecto <em>\u00d3rgano ib\u00e9rico siglo XXI<\/em> pretende iniciar un movimiento cultural que coloque este singular instrumento en pleno centro de la actividad creadora contempor\u00e1nea.<\/span><\/p>\n","protected":false},"featured_media":13467,"template":"","meta":{"om_disable_all_campaigns":false,"_monsterinsights_skip_tracking":false,"_monsterinsights_sitenote_active":false,"_monsterinsights_sitenote_note":"","_monsterinsights_sitenote_category":0},"product_cat":[357],"product_tag":[],"aioseo_notices":[],"lang":"es","translations":{"es":3353,"en":14115},"pll_sync_post":[],"_links":{"self":[{"href":"https:\/\/www.dosacordes.es\/web\/wp-json\/wp\/v2\/product\/3353"}],"collection":[{"href":"https:\/\/www.dosacordes.es\/web\/wp-json\/wp\/v2\/product"}],"about":[{"href":"https:\/\/www.dosacordes.es\/web\/wp-json\/wp\/v2\/types\/product"}],"wp:featuredmedia":[{"embeddable":true,"href":"https:\/\/www.dosacordes.es\/web\/wp-json\/wp\/v2\/media\/13467"}],"wp:attachment":[{"href":"https:\/\/www.dosacordes.es\/web\/wp-json\/wp\/v2\/media?parent=3353"}],"wp:term":[{"taxonomy":"product_cat","embeddable":true,"href":"https:\/\/www.dosacordes.es\/web\/wp-json\/wp\/v2\/product_cat?post=3353"},{"taxonomy":"product_tag","embeddable":true,"href":"https:\/\/www.dosacordes.es\/web\/wp-json\/wp\/v2\/product_tag?post=3353"}],"curies":[{"name":"wp","href":"https:\/\/api.w.org\/{rel}","templated":true}]}}