{"id":3349,"date":"2012-04-23T16:48:49","date_gmt":"2012-04-23T14:48:49","guid":{"rendered":"http:\/\/www.dosacordes.es\/web\/?product=sonata-para-violan-y-piano-andras-gaos"},"modified":"2024-11-06T23:47:06","modified_gmt":"2024-11-06T22:47:06","slug":"sonata-para-violan-y-piano-andras-gaos","status":"publish","type":"product","link":"https:\/\/www.dosacordes.es\/web\/producto\/sonata-para-violan-y-piano-andras-gaos\/","title":{"rendered":"Sonata para viol\u00edn y piano"},"content":{"rendered":"","protected":false},"excerpt":{"rendered":"<h5>Andr\u00e9s Gaos<\/h5>\n<p><span class=\"tComun\">Su estructura general corresponde al tratamiento cl\u00e1sico de la sonata en 3 movimientos: Allegro-Adagio-Allegro. Obra de enorme altura, revisada por el music\u00f3logo, director y compositor Jo\u00e1m Trillo, comienza a tener presencia en el repertorio actual. <\/span><\/p>\n","protected":false},"featured_media":7807,"template":"","meta":{"om_disable_all_campaigns":false,"_monsterinsights_skip_tracking":false,"_monsterinsights_sitenote_active":false,"_monsterinsights_sitenote_note":"","_monsterinsights_sitenote_category":0},"product_cat":[355,356],"product_tag":[638],"aioseo_notices":[],"lang":"es","translations":{"es":3349,"en":14137},"pll_sync_post":[],"_links":{"self":[{"href":"https:\/\/www.dosacordes.es\/web\/wp-json\/wp\/v2\/product\/3349"}],"collection":[{"href":"https:\/\/www.dosacordes.es\/web\/wp-json\/wp\/v2\/product"}],"about":[{"href":"https:\/\/www.dosacordes.es\/web\/wp-json\/wp\/v2\/types\/product"}],"wp:featuredmedia":[{"embeddable":true,"href":"https:\/\/www.dosacordes.es\/web\/wp-json\/wp\/v2\/media\/7807"}],"wp:attachment":[{"href":"https:\/\/www.dosacordes.es\/web\/wp-json\/wp\/v2\/media?parent=3349"}],"wp:term":[{"taxonomy":"product_cat","embeddable":true,"href":"https:\/\/www.dosacordes.es\/web\/wp-json\/wp\/v2\/product_cat?post=3349"},{"taxonomy":"product_tag","embeddable":true,"href":"https:\/\/www.dosacordes.es\/web\/wp-json\/wp\/v2\/product_tag?post=3349"}],"curies":[{"name":"wp","href":"https:\/\/api.w.org\/{rel}","templated":true}]}}