{"id":3331,"date":"2019-04-09T12:40:56","date_gmt":"2019-04-09T10:40:56","guid":{"rendered":"http:\/\/www.dosacordes.es\/web\/?product=ars-gallaeciae-musicae-serie-agra-vella-sinfonaa-na%c2%ba-1"},"modified":"2024-11-06T23:50:35","modified_gmt":"2024-11-06T22:50:35","slug":"ars-gallaeciae-musicae-serie-agra-vella-sinfonaa-na%c2%ba-1","status":"publish","type":"product","link":"https:\/\/www.dosacordes.es\/web\/producto\/ars-gallaeciae-musicae-serie-agra-vella-sinfonaa-na%c2%ba-1\/","title":{"rendered":"Sinfon\u00eda n\u00ba 1"},"content":{"rendered":"","protected":false},"excerpt":{"rendered":"<h5><span class=\"tResal\">Andr\u00e9s Gaos<\/span><\/h5>\n<div><span class=\"tComun\">Esta 1\u00aa Sinfon\u00eda del compositor gallego afincado en Buenos Aires, Andr\u00e9s Gaos, ha sido revisada por el music\u00f3logo y director de orquesta Joam Trillo. Estrenada recientemente por la Orquesta Sinf\u00f3nica de Galicia en sendos conciertos, celebrados en Vigo y A Coru\u00f1a, es claro ejemplo de un postromanticismo de corte franc\u00e9s, con ligeros tintes nacionalistas. Incluye partitura general y carpeta de partes. ARS GALLAECIAE MUSICAE. Serie Agra Vella. <\/span><\/div>\n<div><\/div>\n<div><span class=\"tComun\">Coedici\u00f3n con el IGAEM.<\/span><\/div>\n","protected":false},"featured_media":7806,"template":"","meta":{"om_disable_all_campaigns":false,"_monsterinsights_skip_tracking":false,"_monsterinsights_sitenote_active":false,"_monsterinsights_sitenote_note":"","_monsterinsights_sitenote_category":0},"product_cat":[636],"product_tag":[638],"aioseo_notices":[],"lang":"es","translations":{"es":3331,"en":14140},"pll_sync_post":[],"_links":{"self":[{"href":"https:\/\/www.dosacordes.es\/web\/wp-json\/wp\/v2\/product\/3331"}],"collection":[{"href":"https:\/\/www.dosacordes.es\/web\/wp-json\/wp\/v2\/product"}],"about":[{"href":"https:\/\/www.dosacordes.es\/web\/wp-json\/wp\/v2\/types\/product"}],"wp:featuredmedia":[{"embeddable":true,"href":"https:\/\/www.dosacordes.es\/web\/wp-json\/wp\/v2\/media\/7806"}],"wp:attachment":[{"href":"https:\/\/www.dosacordes.es\/web\/wp-json\/wp\/v2\/media?parent=3331"}],"wp:term":[{"taxonomy":"product_cat","embeddable":true,"href":"https:\/\/www.dosacordes.es\/web\/wp-json\/wp\/v2\/product_cat?post=3331"},{"taxonomy":"product_tag","embeddable":true,"href":"https:\/\/www.dosacordes.es\/web\/wp-json\/wp\/v2\/product_tag?post=3331"}],"curies":[{"name":"wp","href":"https:\/\/api.w.org\/{rel}","templated":true}]}}