{"id":3325,"date":"2011-01-07T21:42:33","date_gmt":"2011-01-07T21:42:33","guid":{"rendered":"http:\/\/www.dosacordes.es\/web\/?product=antecedentes"},"modified":"2020-06-07T20:38:46","modified_gmt":"2020-06-07T18:38:46","slug":"antecedentes","status":"publish","type":"product","link":"https:\/\/www.dosacordes.es\/web\/producto\/antecedentes\/","title":{"rendered":"Antecedentes"},"content":{"rendered":"<div style=\"text-align: justify;\">\n<p><span class=\"tComun\">\u00a0<\/span><\/p>\n<\/div>\n","protected":false},"excerpt":{"rendered":"<h5><span class=\"tResal\">Fernando Ruibal\u00a0<\/span><\/h5>\n<p>Este grupo de piezas est\u00e1 fundamentado en los cinco elementos del universo, seg\u00fan el Ayurveda: el espacio, el aire, el fuego, el agua y la tierra. Estos elementos se asocian a nuestros cinco sentidos, respectivamente:<br \/>\no\u00eddo, tacto, vista, gusto y olfato. <span class=\"tComun\">A cada elemento est\u00e1 asignado uno o varios instrumentos: al espacio la<br \/>\nmarimba, al aire el viol\u00edn, al fuego el tromb\u00f3n, a la tierra el clarinete y el fagot y al agua la flauta. De esta manera en cada una de las piezas, cada instrumento\/s correspondiente a cada elemento, lleva el hilo conductor de la misma, mientras los dem\u00e1s instrumentos son elementos dialogantes secundarios.<\/span><br \/>\n<span class=\"tComun\"><br \/>\nEn Inquietud se despiertan todos los elementos despu\u00e9s de un estado de reposo y deciden \u00abentre muchas disputas\u00bb, exponer sus ideas para construir algo que sustente vida y d\u00e9 lugar al conocimiento.<\/span><br \/>\n<span class=\"tComun\"><br \/>\nEn las piezas siguientes cada elemento (instrumento) expone su idea, en el orden anteriormente expuesto y en la relaci\u00f3n de instrumento-elemento tambi\u00e9n mencionada.<\/span><br \/>\n<span class=\"tComun\"><br \/>\nEn la \u00faltima pieza (Tierra y Agua) y despu\u00e9s de la exposici\u00f3n de ambos elementos (en la Coda de la pieza), todos los elementos se ponen de acuerdo y en equilibrio para que lo que se construya sea denominado Gaia, el planeta Tierra.<\/span><br \/>\n<span class=\"tComun\">\u00a0<\/span><span class=\"tComun\"><br \/>\n<\/span><\/p>\n","protected":false},"featured_media":3326,"template":"","meta":{"om_disable_all_campaigns":false,"_monsterinsights_skip_tracking":false,"_monsterinsights_sitenote_active":false,"_monsterinsights_sitenote_note":"","_monsterinsights_sitenote_category":0},"product_cat":[355],"product_tag":[],"aioseo_notices":[],"lang":"es","translations":{"es":3325},"pll_sync_post":[],"_links":{"self":[{"href":"https:\/\/www.dosacordes.es\/web\/wp-json\/wp\/v2\/product\/3325"}],"collection":[{"href":"https:\/\/www.dosacordes.es\/web\/wp-json\/wp\/v2\/product"}],"about":[{"href":"https:\/\/www.dosacordes.es\/web\/wp-json\/wp\/v2\/types\/product"}],"wp:featuredmedia":[{"embeddable":true,"href":"https:\/\/www.dosacordes.es\/web\/wp-json\/wp\/v2\/media\/3326"}],"wp:attachment":[{"href":"https:\/\/www.dosacordes.es\/web\/wp-json\/wp\/v2\/media?parent=3325"}],"wp:term":[{"taxonomy":"product_cat","embeddable":true,"href":"https:\/\/www.dosacordes.es\/web\/wp-json\/wp\/v2\/product_cat?post=3325"},{"taxonomy":"product_tag","embeddable":true,"href":"https:\/\/www.dosacordes.es\/web\/wp-json\/wp\/v2\/product_tag?post=3325"}],"curies":[{"name":"wp","href":"https:\/\/api.w.org\/{rel}","templated":true}]}}