{"id":3323,"date":"2020-05-30T03:14:45","date_gmt":"2020-05-30T03:14:45","guid":{"rendered":"http:\/\/www.dosacordes.es\/web\/?product=imagenes-del-ayer-para-tromba%c2%b3n-y-piano"},"modified":"2026-04-22T10:46:41","modified_gmt":"2026-04-22T08:46:41","slug":"imagenes-del-ayer-para-tromba%c2%b3n-y-piano","status":"publish","type":"product","link":"https:\/\/www.dosacordes.es\/web\/producto\/imagenes-del-ayer-para-tromba%c2%b3n-y-piano\/","title":{"rendered":"Im\u00e1genes del ayer: Para tromb\u00f3n y piano"},"content":{"rendered":"","protected":false},"excerpt":{"rendered":"<h5><span class=\"tResal\">Juan Daniel Romero<\/span><\/h5>\n<p><span class=\"tComun\">Composici\u00f3n contempor\u00e1nea para tromb\u00f3n y piano.<br \/>\n<\/span><\/p>\n","protected":false},"featured_media":3324,"template":"","meta":{"om_disable_all_campaigns":false,"_monsterinsights_skip_tracking":false,"_monsterinsights_sitenote_active":false,"_monsterinsights_sitenote_note":"","_monsterinsights_sitenote_category":0},"product_cat":[355],"product_tag":[],"aioseo_notices":[],"lang":"es","translations":{"es":3323},"pll_sync_post":[],"_links":{"self":[{"href":"https:\/\/www.dosacordes.es\/web\/wp-json\/wp\/v2\/product\/3323"}],"collection":[{"href":"https:\/\/www.dosacordes.es\/web\/wp-json\/wp\/v2\/product"}],"about":[{"href":"https:\/\/www.dosacordes.es\/web\/wp-json\/wp\/v2\/types\/product"}],"wp:featuredmedia":[{"embeddable":true,"href":"https:\/\/www.dosacordes.es\/web\/wp-json\/wp\/v2\/media\/3324"}],"wp:attachment":[{"href":"https:\/\/www.dosacordes.es\/web\/wp-json\/wp\/v2\/media?parent=3323"}],"wp:term":[{"taxonomy":"product_cat","embeddable":true,"href":"https:\/\/www.dosacordes.es\/web\/wp-json\/wp\/v2\/product_cat?post=3323"},{"taxonomy":"product_tag","embeddable":true,"href":"https:\/\/www.dosacordes.es\/web\/wp-json\/wp\/v2\/product_tag?post=3323"}],"curies":[{"name":"wp","href":"https:\/\/api.w.org\/{rel}","templated":true}]}}