{"id":3319,"date":"2010-08-05T16:08:49","date_gmt":"2010-08-05T16:08:49","guid":{"rendered":"http:\/\/www.dosacordes.es\/web\/?product=tambor-escocas-nivel-intermedio"},"modified":"2024-11-06T23:29:56","modified_gmt":"2024-11-06T22:29:56","slug":"tambor-escocas-nivel-intermedio","status":"publish","type":"product","link":"https:\/\/www.dosacordes.es\/web\/producto\/tambor-escocas-nivel-intermedio\/","title":{"rendered":"Tambor escoc\u00e9s: Nivel Intermedio"},"content":{"rendered":"","protected":false},"excerpt":{"rendered":"<h5><span class=\"tResal\">David Outumuro<\/span><\/h5>\n<p>El tambor es un instrumento b\u00e1sico en el mundo de la percusi\u00f3n. <span class=\"tComun\">Funciona como instrumento solo, como acompa\u00f1ante, o bien en compa\u00f1\u00eda de otros instrumentos, como en la bater\u00eda. <\/span><span class=\"tComun\">El tambor escoc\u00e9s es, quiz\u00e1s, el m\u00e1s utilizado en las bandas de gaitas y su caracter\u00edstico tipo de fraseo y matizaci\u00f3n lo hace m\u00e1s flexible y musical que los m\u00e9todos derivados de los rudimentos americanos o \u00abinternacionales\u00bb. <\/span><span class=\"tComun\">El m\u00e9todo propuesto es v\u00e1lido para escuelas de m\u00fasica, conservatorios (en todos los grados) y, evidentemente, bandas de gaitas; imprescindible para todo estudiante o profesional, como formaci\u00f3n b\u00e1sica o complementaria.\u00a0<\/span><br \/>\n<span class=\"tComun\"><br \/>\nEl libro sirve de nexo entre el ya publicado Nivel Inicial y el Nivel Avanzado, por lo que, tanto en la parte dedicada a los Ejercicios como en la de Piezas, se observa una progresi\u00f3n en el grado de dificultad, que facilita un correcto aprendizaje.<\/span><br \/>\n<span class=\"tComun\"><br \/>\nEl autor, David Gonz\u00e1lez Outumuro, Titulado Superior en Percusi\u00f3n y profesor de percusi\u00f3n en el conservatorio de Ourense, posee una gran experiencia docente y profesional, con una destacada dedicaci\u00f3n al tambor, que lo acompa\u00f1a desde su juventud, como int\u00e9rprete y director de bandas de gaitas. <\/span><\/p>\n","protected":false},"featured_media":3320,"template":"","meta":{"om_disable_all_campaigns":false,"_monsterinsights_skip_tracking":false,"_monsterinsights_sitenote_active":false,"_monsterinsights_sitenote_note":"","_monsterinsights_sitenote_category":0},"product_cat":[354],"product_tag":[],"aioseo_notices":[],"lang":"es","translations":{"es":3319,"en":14121},"pll_sync_post":[],"_links":{"self":[{"href":"https:\/\/www.dosacordes.es\/web\/wp-json\/wp\/v2\/product\/3319"}],"collection":[{"href":"https:\/\/www.dosacordes.es\/web\/wp-json\/wp\/v2\/product"}],"about":[{"href":"https:\/\/www.dosacordes.es\/web\/wp-json\/wp\/v2\/types\/product"}],"wp:featuredmedia":[{"embeddable":true,"href":"https:\/\/www.dosacordes.es\/web\/wp-json\/wp\/v2\/media\/3320"}],"wp:attachment":[{"href":"https:\/\/www.dosacordes.es\/web\/wp-json\/wp\/v2\/media?parent=3319"}],"wp:term":[{"taxonomy":"product_cat","embeddable":true,"href":"https:\/\/www.dosacordes.es\/web\/wp-json\/wp\/v2\/product_cat?post=3319"},{"taxonomy":"product_tag","embeddable":true,"href":"https:\/\/www.dosacordes.es\/web\/wp-json\/wp\/v2\/product_tag?post=3319"}],"curies":[{"name":"wp","href":"https:\/\/api.w.org\/{rel}","templated":true}]}}