{"id":3313,"date":"2020-05-30T03:14:32","date_gmt":"2020-05-30T03:14:32","guid":{"rendered":"http:\/\/www.dosacordes.es\/web\/?product=tambor-escocas-nivel-inicial"},"modified":"2024-11-06T23:28:48","modified_gmt":"2024-11-06T22:28:48","slug":"tambor-escocas-nivel-inicial","status":"publish","type":"product","link":"https:\/\/www.dosacordes.es\/web\/producto\/tambor-escocas-nivel-inicial\/","title":{"rendered":"Tambor Escoc\u00e9s: Nivel inicial"},"content":{"rendered":"<div style=\"text-align: justify;\"><\/div>\n<p>&nbsp;<\/p>\n","protected":false},"excerpt":{"rendered":"<h5>David Gonz\u00e1lez Outumuro<\/h5>\n<p><span class=\"tComun\">El tambor escoc\u00e9s es, quiz\u00e1s, el m\u00e1s utilizado en las bandas de gaitas y su caracter\u00edstico tipo de fraseo y matizaci\u00f3n lo hace m\u00e1s flexible y musical que los m\u00e9todos derivados de los rudimentos americanos o \u00abinternacionales\u00bb. <\/span>La publicaci\u00f3n que presentamos llena un hueco existente en la bibliograf\u00eda percusiva y nos invita a coger las baquetas y disfrutar ampliando nuestros conocimientos musicales. El m\u00e9todo propuesto es v\u00e1lido para escuelas de m\u00fasica, conservatorios (en todos los grados) y, evidentemente, bandas de gaitas; imprescindible para todo estudiante o profesional, como formaci\u00f3n b\u00e1sica o complementaria. El volumen presentado es el primero de una serie de tres; a este, Nivel Inicial, seguir\u00e1n Nivel Intermedio y Avanzado. El autor, David Gonz\u00e1lez Outumuro, Titulado Superior en Percusi\u00f3n, posee una gran experiencia docente y profesional, con una destacada dedicaci\u00f3n al tambor, que lo acompa\u00f1a desde su juventud.<\/p>\n","protected":false},"featured_media":3314,"template":"","meta":{"om_disable_all_campaigns":false,"_monsterinsights_skip_tracking":false,"_monsterinsights_sitenote_active":false,"_monsterinsights_sitenote_note":"","_monsterinsights_sitenote_category":0},"product_cat":[354],"product_tag":[],"aioseo_notices":[],"lang":"es","translations":{"es":3313,"en":14120},"pll_sync_post":[],"_links":{"self":[{"href":"https:\/\/www.dosacordes.es\/web\/wp-json\/wp\/v2\/product\/3313"}],"collection":[{"href":"https:\/\/www.dosacordes.es\/web\/wp-json\/wp\/v2\/product"}],"about":[{"href":"https:\/\/www.dosacordes.es\/web\/wp-json\/wp\/v2\/types\/product"}],"wp:featuredmedia":[{"embeddable":true,"href":"https:\/\/www.dosacordes.es\/web\/wp-json\/wp\/v2\/media\/3314"}],"wp:attachment":[{"href":"https:\/\/www.dosacordes.es\/web\/wp-json\/wp\/v2\/media?parent=3313"}],"wp:term":[{"taxonomy":"product_cat","embeddable":true,"href":"https:\/\/www.dosacordes.es\/web\/wp-json\/wp\/v2\/product_cat?post=3313"},{"taxonomy":"product_tag","embeddable":true,"href":"https:\/\/www.dosacordes.es\/web\/wp-json\/wp\/v2\/product_tag?post=3313"}],"curies":[{"name":"wp","href":"https:\/\/api.w.org\/{rel}","templated":true}]}}