{"id":3311,"date":"2012-10-07T19:51:51","date_gmt":"2012-10-07T19:51:51","guid":{"rendered":"http:\/\/www.dosacordes.es\/web\/?product=esto-a-percusia%c2%b3n-libro-do-profesor"},"modified":"2020-06-07T13:08:25","modified_gmt":"2020-06-07T11:08:25","slug":"esto-a-percusia%c2%b3n-libro-do-profesor","status":"publish","type":"product","link":"https:\/\/www.dosacordes.es\/web\/producto\/esto-a-percusia%c2%b3n-libro-do-profesor\/","title":{"rendered":"Esto \u00e9 percusi\u00f3n: Libro do profesor"},"content":{"rendered":"","protected":false},"excerpt":{"rendered":"<h5>Carlos Castro Roig<\/h5>\n<div><\/div>\n<p><span class=\"tComun\">Se trata del \u00abLibro del Profesor\u00bb, complementario a la colecci\u00f3n de los cuatro libros del alumno. Ofrece una gu\u00eda a tener en cuenta al abordar la clase colectiva de percusi\u00f3n, a la vez que desvela el m\u00e9todo did\u00e1ctico empleado por el autor.<\/span><\/p>\n","protected":false},"featured_media":3312,"template":"","meta":{"om_disable_all_campaigns":false,"_monsterinsights_skip_tracking":false,"_monsterinsights_sitenote_active":false,"_monsterinsights_sitenote_note":"","_monsterinsights_sitenote_category":0},"product_cat":[354],"product_tag":[],"aioseo_notices":[],"lang":"es","translations":{"es":3311},"pll_sync_post":[],"_links":{"self":[{"href":"https:\/\/www.dosacordes.es\/web\/wp-json\/wp\/v2\/product\/3311"}],"collection":[{"href":"https:\/\/www.dosacordes.es\/web\/wp-json\/wp\/v2\/product"}],"about":[{"href":"https:\/\/www.dosacordes.es\/web\/wp-json\/wp\/v2\/types\/product"}],"wp:featuredmedia":[{"embeddable":true,"href":"https:\/\/www.dosacordes.es\/web\/wp-json\/wp\/v2\/media\/3312"}],"wp:attachment":[{"href":"https:\/\/www.dosacordes.es\/web\/wp-json\/wp\/v2\/media?parent=3311"}],"wp:term":[{"taxonomy":"product_cat","embeddable":true,"href":"https:\/\/www.dosacordes.es\/web\/wp-json\/wp\/v2\/product_cat?post=3311"},{"taxonomy":"product_tag","embeddable":true,"href":"https:\/\/www.dosacordes.es\/web\/wp-json\/wp\/v2\/product_tag?post=3311"}],"curies":[{"name":"wp","href":"https:\/\/api.w.org\/{rel}","templated":true}]}}