{"id":3301,"date":"2012-04-23T16:52:40","date_gmt":"2012-04-23T14:52:40","guid":{"rendered":"http:\/\/www.dosacordes.es\/web\/?product=ars-gallaeciae-musicae-serie-agra-vella-preludios-galegosop-28"},"modified":"2025-05-21T11:24:41","modified_gmt":"2025-05-21T09:24:41","slug":"ars-gallaeciae-musicae-serie-agra-vella-preludios-galegosop-28","status":"publish","type":"product","link":"https:\/\/www.dosacordes.es\/web\/producto\/ars-gallaeciae-musicae-serie-agra-vella-preludios-galegosop-28\/","title":{"rendered":"Preludios galegos,op. 28"},"content":{"rendered":"","protected":false},"excerpt":{"rendered":"<h5><span class=\"\">Isidro Maiztegui<\/span><\/h5>\n<div>\n<p><span class=\"\">Los \u00abPreludios gallegos op. 28\u00bb, compuestos en Madrid en 1957, son ejemplo, seg\u00fan su propio autor, de que \u00abla aut\u00e9ntica tradici\u00f3n no consiste ni la forman expresiones o elementos estereotipados que se repiten y se dan como inamovibles para convertirse en algo intocable, de perenne esteticismo. Todo lo contrario de su verdadera significaci\u00f3n: tradici\u00f3n es la transmisi\u00f3n de generaci\u00f3n en generaci\u00f3n de las expresiones de toda \u00edndole art\u00edstica, modos y maneras de comportamientos de un pueblo en sus m\u00e1s variados aspectos, que arraigan con estilo y maneras propias y caracter\u00edsticas, pero tambi\u00e9n libradas a influencias temporales tanto en lo art\u00edstico como en lo social, cultural, pol\u00edtico y moral\u00bb.<\/span><\/p>\n<p><span class=\"\">Cada uno de los \u00abpreludios\u00bb contiene anotaciones que los relacionan con importantes figuras de la \u00e9poca, entre los que destaca la presencia de Isaac D\u00edaz Pardo y de Paz Andrade. No pod\u00eda faltar la dedicatoria al \u00abCentro Gallego\u00bb de Buenos Aires y al \u00abInstituto Argentino de Cultura Gallega\u00bb, dado el origen del compositor, gallego por parte de madre. <\/span><span class=\"\">De filiaci\u00f3n neocl\u00e1sica, con cierta inclinaci\u00f3n hacia el arca\u00edsmo, la obra de Maiztegui se vertebra en torno a un h\u00e1bil manejo de la l\u00ednea mel\u00f3dica tanto como por la fluidez de los esquemas r\u00edtmicos empleados. Lejos de la habitual monoton\u00eda de los programas de concierto, insistentes hasta el aburrimiento en la recreaci\u00f3n de versiones exactas de interpretaciones grabadas de las obras m\u00e1s destacadas de los grandes de la historia de la m\u00fasica, la originalidad, la frescura, la valent\u00eda del tratamiento y de las posibilidades del piano hacen de la interpretaci\u00f3n de esta obra un valor dif\u00edcilmente igualable.<\/span><\/p>\n<p><span class=\"\">Contiene una introducci\u00f3n de la profesora Ana Mar\u00eda Mondolo, de la Facultad de Artes y Ciencias Musicales de Buenos Aires (Argentina).<\/span><\/p>\n<p><span class=\"\">Coedici\u00f3n con el AGADIC.<\/span><\/p>\n<\/div>\n","protected":false},"featured_media":7810,"template":"","meta":{"om_disable_all_campaigns":false,"_monsterinsights_skip_tracking":false,"_monsterinsights_sitenote_active":false,"_monsterinsights_sitenote_note":"","_monsterinsights_sitenote_category":0},"product_cat":[353],"product_tag":[638],"aioseo_notices":[],"lang":"es","translations":{"es":3301,"en":14130},"pll_sync_post":[],"_links":{"self":[{"href":"https:\/\/www.dosacordes.es\/web\/wp-json\/wp\/v2\/product\/3301"}],"collection":[{"href":"https:\/\/www.dosacordes.es\/web\/wp-json\/wp\/v2\/product"}],"about":[{"href":"https:\/\/www.dosacordes.es\/web\/wp-json\/wp\/v2\/types\/product"}],"wp:featuredmedia":[{"embeddable":true,"href":"https:\/\/www.dosacordes.es\/web\/wp-json\/wp\/v2\/media\/7810"}],"wp:attachment":[{"href":"https:\/\/www.dosacordes.es\/web\/wp-json\/wp\/v2\/media?parent=3301"}],"wp:term":[{"taxonomy":"product_cat","embeddable":true,"href":"https:\/\/www.dosacordes.es\/web\/wp-json\/wp\/v2\/product_cat?post=3301"},{"taxonomy":"product_tag","embeddable":true,"href":"https:\/\/www.dosacordes.es\/web\/wp-json\/wp\/v2\/product_tag?post=3301"}],"curies":[{"name":"wp","href":"https:\/\/api.w.org\/{rel}","templated":true}]}}