{"id":3295,"date":"2012-04-23T16:49:47","date_gmt":"2012-04-23T14:49:47","guid":{"rendered":"http:\/\/www.dosacordes.es\/web\/?product=ars-gallaecia-musicae-serie-agra-nova-sonata-para-piano"},"modified":"2021-03-03T21:05:38","modified_gmt":"2021-03-03T19:05:38","slug":"ars-gallaecia-musicae-serie-agra-nova-sonata-para-piano","status":"publish","type":"product","link":"https:\/\/www.dosacordes.es\/web\/producto\/ars-gallaecia-musicae-serie-agra-nova-sonata-para-piano\/","title":{"rendered":"Sonata para piano"},"content":{"rendered":"","protected":false},"excerpt":{"rendered":"<h5><span class=\"tResal\">Carlos Cambeiro<\/span><\/h5>\n<div><span class=\"tComun\">La obra, aunque estructuralmente sigue la forma tradicional, est\u00e1 concebida como un profundo estudio de la disonancia, a trav\u00e9s de un lenguaje crom\u00e1tico derivado de formaciones ac\u00f3rdicas por cuartas, de armon\u00edas mixtas, de formaciones por terceras, y del empleo ocasional de la escala de tonos, as\u00ed como de las polarizaciones a que dan lugar ciertos sonidos considerados generadores. La armon\u00eda, generalmente colorista y percutiva, da paso, en ocasiones, a un contrapunto surgido como variante y en espejo. <\/span><span class=\"tComun\">La partitura es fundamentalmente r\u00edtmica, percutiva y colorista, utilizando un piano que combina la t\u00e9cnica tradicional con la contempor\u00e1nea. <\/span><\/div>\n","protected":false},"featured_media":3296,"template":"","meta":{"om_disable_all_campaigns":false,"_monsterinsights_skip_tracking":false,"_monsterinsights_sitenote_active":false,"_monsterinsights_sitenote_note":"","_monsterinsights_sitenote_category":0},"product_cat":[353],"product_tag":[638],"aioseo_notices":[],"lang":"es","translations":{"es":3295},"pll_sync_post":[],"_links":{"self":[{"href":"https:\/\/www.dosacordes.es\/web\/wp-json\/wp\/v2\/product\/3295"}],"collection":[{"href":"https:\/\/www.dosacordes.es\/web\/wp-json\/wp\/v2\/product"}],"about":[{"href":"https:\/\/www.dosacordes.es\/web\/wp-json\/wp\/v2\/types\/product"}],"wp:featuredmedia":[{"embeddable":true,"href":"https:\/\/www.dosacordes.es\/web\/wp-json\/wp\/v2\/media\/3296"}],"wp:attachment":[{"href":"https:\/\/www.dosacordes.es\/web\/wp-json\/wp\/v2\/media?parent=3295"}],"wp:term":[{"taxonomy":"product_cat","embeddable":true,"href":"https:\/\/www.dosacordes.es\/web\/wp-json\/wp\/v2\/product_cat?post=3295"},{"taxonomy":"product_tag","embeddable":true,"href":"https:\/\/www.dosacordes.es\/web\/wp-json\/wp\/v2\/product_tag?post=3295"}],"curies":[{"name":"wp","href":"https:\/\/api.w.org\/{rel}","templated":true}]}}