{"id":3287,"date":"2020-05-30T03:13:58","date_gmt":"2020-05-30T03:13:58","guid":{"rendered":"http:\/\/www.dosacordes.es\/web\/?product=etno-folk-na%c2%ba-14-15"},"modified":"2024-04-07T13:16:41","modified_gmt":"2024-04-07T11:16:41","slug":"etno-folk-na%c2%ba-14-15","status":"publish","type":"product","link":"https:\/\/www.dosacordes.es\/web\/producto\/etno-folk-na%c2%ba-14-15\/","title":{"rendered":"Etno-Folk n.\u00ba 14-15"},"content":{"rendered":"","protected":false},"excerpt":{"rendered":"<p><span class=\"tResal\">COORDINADO POR LA UNIVERSIDAD DE VALLADOLID<\/span><\/p>\n<p>Un interesant\u00edsimo\u00a0 n\u00famero doble, coordinado por la Secci\u00f3n de Historia y Ciencias de la M\u00fasica\u00a0 de la Universidad de Valladolid.:<\/p>\n<p>La etnomusicolog\u00eda en la Universidad de Valladolid<br \/>\nEnrique C\u00e1mara de Landa<\/p>\n<p>M\u00fasicas populares, espacios urbanos e ideolog\u00edas: la ciudad de Valladolid a comienzos del siglo XXI<br \/>\nMarita Fornaro Bordolli<\/p>\n<p>La fiesta de la Cruz de Mayo en la Cofrad\u00eda de la Vera Cruz de Valladolid<br \/>\nM\u00aa del Sagrario Medrano del Pozo<\/p>\n<p>Iniciativas de cambio musical en la Semana Santa de Valladolid<br \/>\nM\u00aa Jos\u00e9 Valles del Pozo<\/p>\n<p>La Fonoteca de la Biblioteca P\u00fablica Estatal de Castilla y Le\u00f3n<br \/>\nTrinidad Gancedo Herreras<\/p>\n<p>Taxonom\u00eda de los g\u00e9neros en la m\u00fasica tradicional castellano-leonesa<br \/>\nM\u00aa Dolores Gonz\u00e1lez Canalejo<\/p>\n<p>La m\u00fasica como narradora de una realidad festiva a lo largo de cinco siglos en las fiestas de San Juan de Soria<br \/>\nM\u00aa Jos\u00e9 Mart\u00ednez Vicente<\/p>\n<p>Revisi\u00f3n de los canales de actualizaci\u00f3n de la tradici\u00f3n musical en la regi\u00f3n leonesa<br \/>\nCamino Vega Rodr\u00edguez<\/p>\n<p>La dulzaina castellana. \u00bfInstrumento efectivamente dulce en cuanto a sonoridad?<br \/>\nAlberto Jambrina Leal<\/p>\n<p>Aproximaci\u00f3n organol\u00f3gica a la dulzaina. Denominaciones, afinaciones y sistemas de digitaci\u00f3n y lectura<br \/>\nEl\u00edas Mart\u00ednez Mu\u00f1iz<\/p>\n<p>Aproximaci\u00f3n al estudio de la charanga: historia, repertorio, funciones<br \/>\nJos\u00e9 Miguel Mart\u00edn Olalla<\/p>\n<p>Pr\u00e1cticas musicales y discursivas en la construcci\u00f3n identitaria de la Comunidad Aut\u00f3noma de Cantabria<br \/>\nSusana Moreno Fern\u00e1ndez<\/p>\n<p>El empleo de la proyecci\u00f3n folkl\u00f3rica como recurso compositivo en la Misa Popular C\u00e1ntabra (1996)<br \/>\nLaura Oti Ruiz<\/p>\n<p>Cuando se tocaba era la \u00fanica forma de expresar cosas: la m\u00fasica como forma de comunicaci\u00f3n<br \/>\nGrazia Tuzi<\/p>\n<p>Los animeros de Caravaca (Murcia): indicadores para un an\u00e1lisis del pasado, presente y futuro en las cuadrillas del Sureste espa\u00f1ol<br \/>\nJulio Guill\u00e9n Navarro<\/p>\n<p>Danzas circulares: la danza prima<br \/>\nElena Le Barbier Ramos<\/p>\n<p>Ni rojo ni blanco: el mito de la Guerra Civil espa\u00f1ola en la historiograf\u00eda sobre el jazz<br \/>\nIv\u00e1n Iglesias Iglesias<\/p>\n<p>La b\u00fasqueda del ballet espa\u00f1ol en Mariemma o la amalgama de lo nacional en Ib\u00e9rica (1964)<br \/>\nVictoria Cavia Naya<\/p>\n<p>M\u00fasica y poder: el ministerio de la m\u00fasica en la Iglesia Evang\u00e9lica de Filadelfia<br \/>\nSoledad Fl\u00f3rez L\u00f3pez<\/p>\n<p>La influencia india en el par\u00e1metro r\u00edtmico de la m\u00fasica occidental<br \/>\nRaquel Aller Tomillo<\/p>\n<p>M\u00fasica Sopanam. El papel de la creaci\u00f3n individual en el devenir de una tradici\u00f3n<br \/>\nIgnacio Corral Bermejo<\/p>\n<p>M\u00fasica instrumental en los templos de Kerala (India)<br \/>\nM\u00aa Gonz\u00e1lez Legido<\/p>\n<p>La danza teke: relaciones entre m\u00fasica y cultura en la sociedad bariba de Ben\u00edn<br \/>\nCarlos Herrero Marco<\/p>\n<p>La salsa en disputa. Apropiaci\u00f3n, propiedad intelectual, origen e identidad<br \/>\nRub\u00e9n L\u00f3pez Cano<\/p>\n<p>Villa-Lobos y el uso del folclore como impulso para la modernidad<br \/>\nEdson Zampronha<\/p>\n<p>\u00abEl riesgo, el peligro, la adrenalina, el misterio, la magia del verso improvisado\u00bb. Entrevista con Wilson Saliwonczyk<br \/>\nMat\u00edas Nicolas Isolabella<\/p>\n<p>Murga y carnaval, de \u00abcosas de negros\u00bb a patrimonio ciudadano. Construcci\u00f3n de identidad en la murga porte\u00f1a<br \/>\nSalvatore Rossano<\/p>\n<p>Del arpa de Viggiano al organito porte\u00f1o<br \/>\nAn\u00edbal Enrique Cetrangolo<\/p>\n<p>Preservaci\u00f3n del patrimonio musical. La necesaria digitalizaci\u00f3n de la memoria sonora<br \/>\nMikel D\u00edaz-Emparanza Almoguera<\/p>\n<p>Arqueolog\u00eda musical y etnomusicolog\u00eda: por una interpretaci\u00f3n etnomusicol\u00f3gica de los materiales arqueol\u00f3gicos<br \/>\nRaquel Jim\u00e9nez Pasalodos<\/p>\n<p>M\u00fasica y cuerpo en la interpretaci\u00f3n musical: las sensaciones corporales a trav\u00e9s de las propiocepciones<br \/>\nAlicia Pe\u00f1alba Acitores<\/p>\n","protected":false},"featured_media":3288,"template":"","meta":{"om_disable_all_campaigns":false,"_monsterinsights_skip_tracking":false,"_monsterinsights_sitenote_active":false,"_monsterinsights_sitenote_note":"","_monsterinsights_sitenote_category":0},"product_cat":[352],"product_tag":[],"aioseo_notices":[],"lang":"es","translations":{"es":3287},"pll_sync_post":[],"_links":{"self":[{"href":"https:\/\/www.dosacordes.es\/web\/wp-json\/wp\/v2\/product\/3287"}],"collection":[{"href":"https:\/\/www.dosacordes.es\/web\/wp-json\/wp\/v2\/product"}],"about":[{"href":"https:\/\/www.dosacordes.es\/web\/wp-json\/wp\/v2\/types\/product"}],"wp:featuredmedia":[{"embeddable":true,"href":"https:\/\/www.dosacordes.es\/web\/wp-json\/wp\/v2\/media\/3288"}],"wp:attachment":[{"href":"https:\/\/www.dosacordes.es\/web\/wp-json\/wp\/v2\/media?parent=3287"}],"wp:term":[{"taxonomy":"product_cat","embeddable":true,"href":"https:\/\/www.dosacordes.es\/web\/wp-json\/wp\/v2\/product_cat?post=3287"},{"taxonomy":"product_tag","embeddable":true,"href":"https:\/\/www.dosacordes.es\/web\/wp-json\/wp\/v2\/product_tag?post=3287"}],"curies":[{"name":"wp","href":"https:\/\/api.w.org\/{rel}","templated":true}]}}