{"id":3283,"date":"2020-05-30T03:13:53","date_gmt":"2020-05-30T03:13:53","guid":{"rendered":"http:\/\/www.dosacordes.es\/web\/?product=etno-folk-na%c2%ba-12"},"modified":"2024-11-12T18:39:28","modified_gmt":"2024-11-12T17:39:28","slug":"etno-folk-na%c2%ba-12","status":"publish","type":"product","link":"https:\/\/www.dosacordes.es\/web\/producto\/etno-folk-na%c2%ba-12\/","title":{"rendered":"Etno-Folk n.\u00ba 12"},"content":{"rendered":"","protected":false},"excerpt":{"rendered":"<p><span class=\"tResal\">MONOGR\u00c1FICO A CARGO DA UNIVERSIDADE NOVA DE LISBOA<\/span><br \/>\n<span class=\"tComun\">Coordenadoras convidadas:<\/span><\/p>\n<p>Salwa El-Shawan Castelo-Branco<br \/>\nSusana Moreno Fern\u00e1ndez<br \/>\nInstituto de Etnomusicologia-Centro de Estudos em M\u00fasica e Dan\u00e7a<br \/>\nFaculdade de Ciencias Sociais e Humanas<br \/>\nUniversidade Nova de Lisboa<\/p>\n<p>A categoriza\u00e3o da m\u00fasica em Portugal: pol\u00edtica, discursos, performance e investiga\u00e3o,<br \/>\npor Salwa El-Shawan Castelo-Branco<\/p>\n<p>A m\u00fasica na constru\u00e3o do Douro Litoral: cole\u00e3o, estudo e divulga\u00e3o de pr\u00e1ticas polif\u00f3nicas de m\u00fasica da tradi\u00e3o oral em Portugal (1947-1959),<br \/>\npor Maria do Ros\u00e1rio Pestana<\/p>\n<p>A edi\u00e3o de m\u00fasica impressa e a mediatiza\u00e3o do fado: o caso do Fado do 31,<br \/>\npor Gon\u00e7alo Antunes de Oliveira, Joao Silva e Leonor Losa<\/p>\n<p>Devo\u00e3o, fartura e transgressa\u00b5es na festa de S. Gon\u00e7alinho em Aveiro,<br \/>\npor Daniel T\u00e9rcio<\/p>\n<p>O baile popular no Baixo Alentejo no in\u00edcio do s\u00e9culo XXI,<br \/>\npor Carla Nunes<\/p>\n<p>A m\u00fasica na festa da Pocari\u00e7a,<br \/>\npor Carla Minelli<\/p>\n<p>Descoloniza\u00e3o do corpo e do imagin\u00e1rio reinven\u00e3o da dan\u00e7a na \u00c1frica lus\u00f3fona contemporanea,<br \/>\npor Luisa Roubaud<\/p>\n<p>\u00abIsso tamb\u00e9m \u00e9 criar\u00e2\u00bb: os covers no repert\u00f3rio de m\u00fasicos brasileiros em Lisboa,<br \/>\npor Christine Dettmann<\/p>\n<p>M\u00fasica y danza en el Centro Galego de Lisboa. Entre la representaci\u00f3n de la galleguidad y la utilidad p\u00fablica,<br \/>\npor Susana Moreno Fern\u00e1ndez<\/p>\n","protected":false},"featured_media":3284,"template":"","meta":{"om_disable_all_campaigns":false,"_monsterinsights_skip_tracking":false,"_monsterinsights_sitenote_active":false,"_monsterinsights_sitenote_note":"","_monsterinsights_sitenote_category":0},"product_cat":[352],"product_tag":[],"aioseo_notices":[],"lang":"es","translations":{"es":3283},"pll_sync_post":[],"_links":{"self":[{"href":"https:\/\/www.dosacordes.es\/web\/wp-json\/wp\/v2\/product\/3283"}],"collection":[{"href":"https:\/\/www.dosacordes.es\/web\/wp-json\/wp\/v2\/product"}],"about":[{"href":"https:\/\/www.dosacordes.es\/web\/wp-json\/wp\/v2\/types\/product"}],"wp:featuredmedia":[{"embeddable":true,"href":"https:\/\/www.dosacordes.es\/web\/wp-json\/wp\/v2\/media\/3284"}],"wp:attachment":[{"href":"https:\/\/www.dosacordes.es\/web\/wp-json\/wp\/v2\/media?parent=3283"}],"wp:term":[{"taxonomy":"product_cat","embeddable":true,"href":"https:\/\/www.dosacordes.es\/web\/wp-json\/wp\/v2\/product_cat?post=3283"},{"taxonomy":"product_tag","embeddable":true,"href":"https:\/\/www.dosacordes.es\/web\/wp-json\/wp\/v2\/product_tag?post=3283"}],"curies":[{"name":"wp","href":"https:\/\/api.w.org\/{rel}","templated":true}]}}