{"id":3279,"date":"2020-05-30T03:13:48","date_gmt":"2020-05-30T01:13:48","guid":{"rendered":"http:\/\/www.dosacordes.es\/web\/?product=etno-folk-na%c2%ba-10"},"modified":"2020-06-04T12:56:17","modified_gmt":"2020-06-04T10:56:17","slug":"etno-folk-na%c2%ba-10","status":"publish","type":"product","link":"https:\/\/www.dosacordes.es\/web\/producto\/etno-folk-na%c2%ba-10\/","title":{"rendered":"Etno-Folk n.\u00ba 10"},"content":{"rendered":"","protected":false},"excerpt":{"rendered":"<p><span class=\"tResal\">ESPECIAL MUSEOS DE INSTRUMENTOS<\/span><span class=\"tComun\">:<\/span><\/p>\n<p>La colecci\u00f3n de instrumentos de la Fundaci\u00f3n Joaqu\u00edn D\u00edaz,<br \/>\npor Joaqu\u00edn D\u00edaz<\/p>\n<p>AP\u00c9NDICE I:<br \/>\nFotograf\u00edas de algunos instrumentos pertenecientes a la colecci\u00f3n de la Fundaci\u00f3n Joaqu\u00edn D\u00edaz,<\/p>\n<p>El Museo Internacional de la Gaita de Gij\u00f3n,<br \/>\npor Juan Alfonso Fern\u00e1ndez Garc\u00eda<\/p>\n<p>El Museo de la M\u00fasica de Urue\u00f1a,<br \/>\npor Luis Delgado<\/p>\n","protected":false},"featured_media":3280,"template":"","meta":{"om_disable_all_campaigns":false,"_monsterinsights_skip_tracking":false,"_monsterinsights_sitenote_active":false,"_monsterinsights_sitenote_note":"","_monsterinsights_sitenote_category":0},"product_cat":[352],"product_tag":[],"aioseo_notices":[],"lang":"es","translations":{"es":3279},"pll_sync_post":[],"_links":{"self":[{"href":"https:\/\/www.dosacordes.es\/web\/wp-json\/wp\/v2\/product\/3279"}],"collection":[{"href":"https:\/\/www.dosacordes.es\/web\/wp-json\/wp\/v2\/product"}],"about":[{"href":"https:\/\/www.dosacordes.es\/web\/wp-json\/wp\/v2\/types\/product"}],"wp:featuredmedia":[{"embeddable":true,"href":"https:\/\/www.dosacordes.es\/web\/wp-json\/wp\/v2\/media\/3280"}],"wp:attachment":[{"href":"https:\/\/www.dosacordes.es\/web\/wp-json\/wp\/v2\/media?parent=3279"}],"wp:term":[{"taxonomy":"product_cat","embeddable":true,"href":"https:\/\/www.dosacordes.es\/web\/wp-json\/wp\/v2\/product_cat?post=3279"},{"taxonomy":"product_tag","embeddable":true,"href":"https:\/\/www.dosacordes.es\/web\/wp-json\/wp\/v2\/product_tag?post=3279"}],"curies":[{"name":"wp","href":"https:\/\/api.w.org\/{rel}","templated":true}]}}