{"id":3265,"date":"2012-05-31T21:33:28","date_gmt":"2012-05-31T21:33:28","guid":{"rendered":"http:\/\/www.dosacordes.es\/web\/?product=etno-folk-na%c2%ba-3"},"modified":"2020-08-23T12:22:11","modified_gmt":"2020-08-23T10:22:11","slug":"etno-folk-na%c2%ba-3","status":"publish","type":"product","link":"https:\/\/www.dosacordes.es\/web\/producto\/etno-folk-na%c2%ba-3\/","title":{"rendered":"Etno-Folk n.\u00ba 3"},"content":{"rendered":"<div style=\"text-align: justify;\">\n<p>&nbsp;<\/p>\n<\/div>\n","protected":false},"excerpt":{"rendered":"<p><span class=\"tComun\">LIMIAR<\/span><\/p>\n<p>ARTIGOS<\/p>\n<p>\u00abC\u00e1ntigas e Frores\u00bb, por Bruno Villamor<\/p>\n<p>Breve introducci\u00f3n a la m\u00fasica Andalus\u00ed Marroqu\u00ed, por Luis Delgado<\/p>\n<p>A organizaci\u00f3n sistem\u00e1tica do ensino da gaita galega (e II), por Xos\u00e9 Lu\u00eds Migu\u00e9lez<\/p>\n<p>El \u00abcant d\u00e2 estil\u00bb valenciano, por Jos\u00e9p Vicent Frechina<\/p>\n<p>El alal\u00e1. Estudio de un g\u00e9nero, por Diego Mari\u00f1o<\/p>\n<p>Etnomusicolox\u00eda: a importancia dunha definici\u00f3n da disciplina, por Pablo Ruibal Armesto<\/p>\n<p>O Festival do Mundo Celta de Ortigueira, por Juan Barc\u00f3n Pe\u00f1a<\/p>\n<p>A recuperaci\u00f3n do patrimonio musical galego: \u00abOuvirmos\u00bb e a colecci\u00f3n \u00abA Tiracolo\u00bb, por Xaime Est\u00e9vez Vila<\/p>\n<p>NOTICIAS<\/p>\n<p>RECENSI\u00d3N DE LIBROS, PARTITURAS E GRAVACI\u00d3NS<\/p>\n","protected":false},"featured_media":7786,"template":"","meta":{"om_disable_all_campaigns":false,"_monsterinsights_skip_tracking":false,"_monsterinsights_sitenote_active":false,"_monsterinsights_sitenote_note":"","_monsterinsights_sitenote_category":0},"product_cat":[352],"product_tag":[],"aioseo_notices":[],"lang":"es","translations":{"es":3265},"pll_sync_post":[],"_links":{"self":[{"href":"https:\/\/www.dosacordes.es\/web\/wp-json\/wp\/v2\/product\/3265"}],"collection":[{"href":"https:\/\/www.dosacordes.es\/web\/wp-json\/wp\/v2\/product"}],"about":[{"href":"https:\/\/www.dosacordes.es\/web\/wp-json\/wp\/v2\/types\/product"}],"wp:featuredmedia":[{"embeddable":true,"href":"https:\/\/www.dosacordes.es\/web\/wp-json\/wp\/v2\/media\/7786"}],"wp:attachment":[{"href":"https:\/\/www.dosacordes.es\/web\/wp-json\/wp\/v2\/media?parent=3265"}],"wp:term":[{"taxonomy":"product_cat","embeddable":true,"href":"https:\/\/www.dosacordes.es\/web\/wp-json\/wp\/v2\/product_cat?post=3265"},{"taxonomy":"product_tag","embeddable":true,"href":"https:\/\/www.dosacordes.es\/web\/wp-json\/wp\/v2\/product_tag?post=3265"}],"curies":[{"name":"wp","href":"https:\/\/api.w.org\/{rel}","templated":true}]}}