{"id":3261,"date":"2010-07-20T23:52:27","date_gmt":"2010-07-20T23:52:27","guid":{"rendered":"http:\/\/www.dosacordes.es\/web\/?product=etno-folk-na%c2%ba-1"},"modified":"2020-08-23T12:28:14","modified_gmt":"2020-08-23T10:28:14","slug":"etno-folk-na%c2%ba-1","status":"publish","type":"product","link":"https:\/\/www.dosacordes.es\/web\/producto\/etno-folk-na%c2%ba-1\/","title":{"rendered":"Etno-Folk n.\u00ba 1"},"content":{"rendered":"","protected":false},"excerpt":{"rendered":"<p><span class=\"tComun\">ENTREVISTA CON<\/span><span class=\"tComun\"><br \/>\nXulio Alonso, o gaiteiro de Fragoselo.<\/span><\/p>\n<p><span class=\"tComun\"><br \/>\nARTIGOS<\/span><span class=\"tComun\"><br \/>\nXulio Alonso, \u00abO gaiteiro do Fragoselo\u00bb, por Lorena Freixeiro<\/span><br \/>\n<span class=\"tComun\"><br \/>\nA percusi\u00f3n non tradicional na m\u00fasica folk galega, por Carlos Castro<\/span><br \/>\n<span class=\"tComun\">\u00a0<\/span><span class=\"tComun\"><br \/>\nA \u00abInstituci\u00f3n Libre de Ense\u00f1anza\u00bb e a m\u00fasica tradicional en Galicia (1877-1936), por Fernando Vieito<\/span><br \/>\n<span class=\"tComun\">\u00a0<\/span><span class=\"tComun\"><br \/>\nAs viagens das agrupa\u00e7oes galegas de est\u00e9tica tradicional ao continente americano antes de 1936, por Ram\u00f3n Pinheiro<\/span><br \/>\n<span class=\"tComun\">\u00a0<\/span><span class=\"tComun\"><br \/>\nGaiteiros com senhorita, por Mart\u00e1zul Busto<\/span><br \/>\n<span class=\"tComun\">\u00a0<\/span><span class=\"tComun\"><br \/>\nA organizaci\u00f3n sistem\u00e1tica do ensino da gaita galega, por Xos\u00e9 Lois Migu\u00e9lez<\/span><br \/>\n<span class=\"tComun\">\u00a0<\/span><span class=\"tComun\"><br \/>\nSobre o acorde\u00f3n diat\u00f3nico, por Pedro Pascual<\/span><br \/>\n<span class=\"tComun\">\u00a0<\/span><span class=\"tComun\"><br \/>\nO Mestre Vide: un compositor galego, por Javier Jurado<\/span><br \/>\n<span class=\"tComun\">\u00a0<\/span><span class=\"tComun\"><br \/>\nNOVEDADES<\/span><span class=\"tComun\"><br \/>\nMaster Gaita: c\u00f3mo, por qu\u00e9 e para qu\u00e9, por Jos\u00e9 Presedo <\/span><br \/>\n<span class=\"tComun\">\u00a0<\/span><span class=\"tComun\"><br \/>\nAxuda para \u00abgaitistas\u00bb, por Xes\u00fas Vaamonde<\/span><br \/>\n<span class=\"tComun\">\u00a0<\/span><br \/>\n<span class=\"tComun\"><br \/>\nOPINI\u00d3N<\/span><span class=\"tComun\"><br \/>\n\u00bfPor qu\u00e9 escribo en Do? (O dilema da escrita para a gaita), por Ernesto Campos<\/span><br \/>\n<span class=\"tComun\">\u00a0<\/span><br \/>\n<span class=\"tComun\"><br \/>\nRECENSI\u00d3N DE LIBROS, PARTITURAS E GRAVACI\u00d3NS<\/span><\/p>\n","protected":false},"featured_media":7791,"template":"","meta":{"om_disable_all_campaigns":false,"_monsterinsights_skip_tracking":false,"_monsterinsights_sitenote_active":false,"_monsterinsights_sitenote_note":"","_monsterinsights_sitenote_category":0},"product_cat":[352],"product_tag":[],"aioseo_notices":[],"lang":"es","translations":{"es":3261},"pll_sync_post":[],"_links":{"self":[{"href":"https:\/\/www.dosacordes.es\/web\/wp-json\/wp\/v2\/product\/3261"}],"collection":[{"href":"https:\/\/www.dosacordes.es\/web\/wp-json\/wp\/v2\/product"}],"about":[{"href":"https:\/\/www.dosacordes.es\/web\/wp-json\/wp\/v2\/types\/product"}],"wp:featuredmedia":[{"embeddable":true,"href":"https:\/\/www.dosacordes.es\/web\/wp-json\/wp\/v2\/media\/7791"}],"wp:attachment":[{"href":"https:\/\/www.dosacordes.es\/web\/wp-json\/wp\/v2\/media?parent=3261"}],"wp:term":[{"taxonomy":"product_cat","embeddable":true,"href":"https:\/\/www.dosacordes.es\/web\/wp-json\/wp\/v2\/product_cat?post=3261"},{"taxonomy":"product_tag","embeddable":true,"href":"https:\/\/www.dosacordes.es\/web\/wp-json\/wp\/v2\/product_tag?post=3261"}],"curies":[{"name":"wp","href":"https:\/\/api.w.org\/{rel}","templated":true}]}}