{"id":3253,"date":"2011-01-07T21:27:02","date_gmt":"2011-01-07T19:27:02","guid":{"rendered":"http:\/\/www.dosacordes.es\/web\/?product=tratado-de-instrumentacia%c2%b3n-y-del-arte-de-la-instrumentacia%c2%b3n"},"modified":"2026-01-30T12:36:20","modified_gmt":"2026-01-30T11:36:20","slug":"tratado-de-instrumentacia%c2%b3n-y-del-arte-de-la-instrumentacia%c2%b3n","status":"publish","type":"product","link":"https:\/\/www.dosacordes.es\/web\/producto\/tratado-de-instrumentacia%c2%b3n-y-del-arte-de-la-instrumentacia%c2%b3n\/","title":{"rendered":"Tratado de Instrumentaci\u00f3n y del Arte de la Instrumentaci\u00f3n"},"content":{"rendered":"","protected":false},"excerpt":{"rendered":"<h5><span class=\"tResal\">Hermann Erpf<\/span><\/h5>\n<p style=\"text-align: justify;\"><span class=\"tComun\">La mayor\u00eda de los tratados de instrumentaci\u00f3n parten de la exposici\u00f3n de cada uno de los instrumentos uno por uno; describen, con todo detalle, su uso y su efecto y deducen de ello las oportunas consideraciones sobre el papel de ese instrumento en el conjunto. Ciertamente, el estudioso aprende as\u00ed a conocer todos los efectos y posibilidades t\u00e9cnicas y obtiene por lo general una visi\u00f3n de conjunto bastante completa sobre todas las experiencias realizadas en la orquesta moderna con referencia a la t\u00e9cnica de la instrumentaci\u00f3n. Pero, en la pr\u00e1ctica, perdura a menudo una inseguridad bastante grande frente a las exigencias pr\u00e1cticas del arte de la escritura para orquesta, porque cada tentativa pr\u00e1ctica se presenta sobrecargada de una plenitud de posibilidades, en principio, inabarcables.<\/span><\/p>\n<p style=\"text-align: justify;\"><span class=\"tComun\">Por eso, el Tratado de Instrumentaci\u00f3n que presentamos sigue un m\u00e9todo de exposici\u00f3n diferente. No parte del instrumento en singular, sino de las formas m\u00e1s simples de escritura orquestal, hasta llegar paso a paso a otras m\u00e1s complejas. A la vez, se van presentando sucesivamente cada uno de los instrumentos; sus especiales posibilidades t\u00e9cnicas van siendo introducidas tambi\u00e9n poco a poco dependiendo del desarrollo de la t\u00e9cnica de la escritura. De este modo el autor espera asegurar al lector el car\u00e1cter sin\u00f3ptico del tratado. En su desarrollo daremos menos importancia a la exposici\u00f3n completa de los efectos de instrumentaci\u00f3n que a la construcci\u00f3n gradual que garantice una base s\u00f3lida; ello permitir\u00e1 a\u00f1adir y completar m\u00e1s tarde f\u00e1cilmente aquellos detalles que acaso falten.<\/span><\/p>\n<p style=\"text-align: justify;\"><span class=\"tComun\">Este Tratado de Instrumentaci\u00f3n no s\u00f3lo es \u00fatil como libro de texto, sino que constituye una obra de consulta fundamental para music\u00f3logos y compositores, as\u00ed como para instrumentistas interesados en la pr\u00e1ctica, tanto orquestal como camer\u00edstica.<\/span><\/p>\n<p><a href=\"http:\/\/www.dosacordes.es\/tienda\/pdfs\/el_tutti_clasico.pdf\">Descarga aqu\u00ed una muestra de esta publicaci\u00f3n.<\/a><\/p>\n","protected":false},"featured_media":8124,"template":"","meta":{"om_disable_all_campaigns":false,"_monsterinsights_skip_tracking":false,"_monsterinsights_sitenote_active":false,"_monsterinsights_sitenote_note":"","_monsterinsights_sitenote_category":0},"product_cat":[637],"product_tag":[],"aioseo_notices":[],"lang":"es","translations":{"es":3253},"pll_sync_post":[],"_links":{"self":[{"href":"https:\/\/www.dosacordes.es\/web\/wp-json\/wp\/v2\/product\/3253"}],"collection":[{"href":"https:\/\/www.dosacordes.es\/web\/wp-json\/wp\/v2\/product"}],"about":[{"href":"https:\/\/www.dosacordes.es\/web\/wp-json\/wp\/v2\/types\/product"}],"wp:featuredmedia":[{"embeddable":true,"href":"https:\/\/www.dosacordes.es\/web\/wp-json\/wp\/v2\/media\/8124"}],"wp:attachment":[{"href":"https:\/\/www.dosacordes.es\/web\/wp-json\/wp\/v2\/media?parent=3253"}],"wp:term":[{"taxonomy":"product_cat","embeddable":true,"href":"https:\/\/www.dosacordes.es\/web\/wp-json\/wp\/v2\/product_cat?post=3253"},{"taxonomy":"product_tag","embeddable":true,"href":"https:\/\/www.dosacordes.es\/web\/wp-json\/wp\/v2\/product_tag?post=3253"}],"curies":[{"name":"wp","href":"https:\/\/api.w.org\/{rel}","templated":true}]}}