{"id":3251,"date":"2020-05-30T03:13:11","date_gmt":"2020-05-30T01:13:11","guid":{"rendered":"http:\/\/www.dosacordes.es\/web\/?product=ars-gallaeciae-musicae-serie-avrego-na%c2%ba-6"},"modified":"2025-02-06T13:02:42","modified_gmt":"2025-02-06T12:02:42","slug":"ars-gallaeciae-musicae-serie-avrego-na%c2%ba-6","status":"publish","type":"product","link":"https:\/\/www.dosacordes.es\/web\/producto\/ars-gallaeciae-musicae-serie-avrego-na%c2%ba-6\/","title":{"rendered":"Suite Vigo: Suite sinf\u00f3nica sobre cantos rexionais galegos"},"content":{"rendered":"<div style=\"text-align: justify;\">\n<p>&nbsp;<\/p>\n<\/div>\n","protected":false},"excerpt":{"rendered":"<h5><span class=\"tResal\">Reveriano Soutullo<\/span><\/h5>\n<p><span class=\"tComun\">Presentamos esta edici\u00f3n de \u00abSuite Vigo\u00bb, una de las obras del gran maestro gallego Reveriano Soutullo. La obra ser\u00eda estrenada en 1911 en el Teatro Real de Madrid, y fue acogida muy favorablemente por la cr\u00edtica. Curiosamente, esta &#8216;Suite sinf\u00f3nica sobre cantos rexionais galegos&#8217; no lleg\u00f3 a estrenarse en la ciudad que lleva su nombre hasta las navidades del 2008, dentro de los homenajes al maestro que se le tributaron en esas fechas. La obra, posteriormente integrada en su zarzuela \u00abAmores de aldea\u00bb, s\u00ed fue conocida en La Coru\u00f1a, donde form\u00f3 parte del repertorio habitual de la Banda de M\u00fasica Municipal, dirigida durante m\u00e1s de treinta a\u00f1os por Rogelio Groba, al igual que Soutullo, compositor nacido en Ponteareas.\u00a0 Una vez m\u00e1s, Dos Acordes se acerca al mundo de las Bandas de M\u00fasica proporcion\u00e1ndoles repertorio fresco y novedoso, de innegable valor<br \/>\nhist\u00f3rico y a un precio casi simb\u00f3lico. El CD con las partes grabadas en PDF permite realizar cuantas copias se desee, respetando el medio ambiente y asegurando ocupar el\u00a0 m\u00ednimo espacio posible. Un aut\u00e9ntico lujo para cualquier agrupaci\u00f3n, que permite a los propios<br \/>\ncomponentes ir completando su biblioteca musical de manera econ\u00f3mica.<\/span><\/p>\n<p>Coedici\u00f3n con el AGADIC.<\/p>\n","protected":false},"featured_media":3252,"template":"","meta":{"om_disable_all_campaigns":false,"_monsterinsights_skip_tracking":false,"_monsterinsights_sitenote_active":false,"_monsterinsights_sitenote_note":"","_monsterinsights_sitenote_category":0},"product_cat":[349],"product_tag":[638],"aioseo_notices":[],"lang":"es","translations":{"es":3251},"pll_sync_post":[],"_links":{"self":[{"href":"https:\/\/www.dosacordes.es\/web\/wp-json\/wp\/v2\/product\/3251"}],"collection":[{"href":"https:\/\/www.dosacordes.es\/web\/wp-json\/wp\/v2\/product"}],"about":[{"href":"https:\/\/www.dosacordes.es\/web\/wp-json\/wp\/v2\/types\/product"}],"wp:featuredmedia":[{"embeddable":true,"href":"https:\/\/www.dosacordes.es\/web\/wp-json\/wp\/v2\/media\/3252"}],"wp:attachment":[{"href":"https:\/\/www.dosacordes.es\/web\/wp-json\/wp\/v2\/media?parent=3251"}],"wp:term":[{"taxonomy":"product_cat","embeddable":true,"href":"https:\/\/www.dosacordes.es\/web\/wp-json\/wp\/v2\/product_cat?post=3251"},{"taxonomy":"product_tag","embeddable":true,"href":"https:\/\/www.dosacordes.es\/web\/wp-json\/wp\/v2\/product_tag?post=3251"}],"curies":[{"name":"wp","href":"https:\/\/api.w.org\/{rel}","templated":true}]}}