{"id":3249,"date":"2012-04-23T16:49:29","date_gmt":"2012-04-23T14:49:29","guid":{"rendered":"http:\/\/www.dosacordes.es\/web\/?product=ars-gallaeciae-musicae-serie-avrego-na%c2%ba-5"},"modified":"2025-02-06T13:02:42","modified_gmt":"2025-02-06T12:02:42","slug":"ars-gallaeciae-musicae-serie-avrego-na%c2%ba-5","status":"publish","type":"product","link":"https:\/\/www.dosacordes.es\/web\/producto\/ars-gallaeciae-musicae-serie-avrego-na%c2%ba-5\/","title":{"rendered":"Hermance: Serenata rom\u00e1ntica para banda"},"content":{"rendered":"","protected":false},"excerpt":{"rendered":"<h5><span class=\"tResal\">Reveriano Soutullo<\/span><\/h5>\n<div>\n<p><span class=\"tComun\">Presentamos esta edici\u00f3n de \u00abHermance\u00bb, una de las obras del gran maestro gallego, que necesitaba una urgente edici\u00f3n para que el p\u00fablico tuviera acceso a una de las bell\u00edsimas composiciones que surgieron de la musa soutulliana en plena juventud creadora. <\/span><span class=\"tComun\">Obra escrita para banda \u00abcomo se refleja en el \u00fanico cat\u00e1logo manuscrito que se conserva del compositor\u00bb, la primera referencia fechada de la misma data del 6 de junio de 1909. Fue interpretada en la Alameda por la Banda Municipal de Vigo. <\/span><span class=\"tComun\">La vinculaci\u00f3n de Soutullo con esta agrupaci\u00f3n viguesa, que tuvo la primicia en tocar un n\u00famero importante de sus composiciones para banda antes de ser editadas, es uno de los datos de la biograf\u00eda del compositor hasta ahora desconocidos, y que saca a la luz la investigadora Mar\u00eda Rosa Arija Soutullo, presidenta de la Fundaci\u00f3n Soutullo y nieta del compositor, autora del pr\u00f3logo de la edici\u00f3n.<\/span><br \/>\n<span class=\"tComun\">Una vez m\u00e1s, Dos Acordes se acerca al mundo de las Bandas de M\u00fasica proporcion\u00e1ndoles repertorio fresco y novedoso, de innegable valor hist\u00f3rico. El CD con las partes grabadas en PDF permite realizar cuantas copias se desee, respetando el medio ambiente y ocupando el m\u00ednimo espacio posible. <\/span><span class=\"tComun\">Un aut\u00e9ntico lujo para cualquier agrupaci\u00f3n, que permite a los propios componentes ir completando su biblioteca musical de manera econ\u00f3mica.<\/span><\/p>\n<p><span class=\"tComun\">Coedici\u00f3n con el AGADIC.<\/span><\/p>\n<\/div>\n","protected":false},"featured_media":3250,"template":"","meta":{"om_disable_all_campaigns":false,"_monsterinsights_skip_tracking":false,"_monsterinsights_sitenote_active":false,"_monsterinsights_sitenote_note":"","_monsterinsights_sitenote_category":0},"product_cat":[349],"product_tag":[638],"aioseo_notices":[],"lang":"es","translations":{"es":3249},"pll_sync_post":[],"_links":{"self":[{"href":"https:\/\/www.dosacordes.es\/web\/wp-json\/wp\/v2\/product\/3249"}],"collection":[{"href":"https:\/\/www.dosacordes.es\/web\/wp-json\/wp\/v2\/product"}],"about":[{"href":"https:\/\/www.dosacordes.es\/web\/wp-json\/wp\/v2\/types\/product"}],"wp:featuredmedia":[{"embeddable":true,"href":"https:\/\/www.dosacordes.es\/web\/wp-json\/wp\/v2\/media\/3250"}],"wp:attachment":[{"href":"https:\/\/www.dosacordes.es\/web\/wp-json\/wp\/v2\/media?parent=3249"}],"wp:term":[{"taxonomy":"product_cat","embeddable":true,"href":"https:\/\/www.dosacordes.es\/web\/wp-json\/wp\/v2\/product_cat?post=3249"},{"taxonomy":"product_tag","embeddable":true,"href":"https:\/\/www.dosacordes.es\/web\/wp-json\/wp\/v2\/product_tag?post=3249"}],"curies":[{"name":"wp","href":"https:\/\/api.w.org\/{rel}","templated":true}]}}