{"id":3247,"date":"2019-02-10T13:41:18","date_gmt":"2019-02-10T11:41:18","guid":{"rendered":"http:\/\/www.dosacordes.es\/web\/?product=ars-gallaeciae-musicae-serie-avrego-na%c2%ba-4"},"modified":"2023-03-02T09:57:54","modified_gmt":"2023-03-02T07:57:54","slug":"ars-gallaeciae-musicae-serie-avrego-na%c2%ba-4","status":"publish","type":"product","link":"https:\/\/www.dosacordes.es\/web\/producto\/ars-gallaeciae-musicae-serie-avrego-na%c2%ba-4\/","title":{"rendered":"\u00a1Non chores, Sabeli\u00f1a!"},"content":{"rendered":"<p>&nbsp;<\/p>\n<p>&nbsp;<\/p>\n","protected":false},"excerpt":{"rendered":"<h5><span class=\"tResal\">Gustavo Freire<\/span><\/h5>\n<p>Zarzuela galega. Suite para banda.<\/p>\n<p><span class=\"tComun\">\u00a1Non chores, Sabeli\u00f1a!, con m\u00fasica del compositor lugu\u00e9s Gustavo Freire y libreto de Jos\u00e9 Trapero Pardo, fue la primera zarzuela gallega de la Historia. Presentamos ahora la Suite para Banda de esta conocida obra, en una cuidada coedici\u00f3n con elInstituto Gallego de las Artes Esc\u00e9nicas y la M\u00fasica, incluida dentro de la colecci\u00f3n ARS GALLAECIAE MUSICAE y perteneciente a la serie para bandas \u00c1vrego, de la que hace su n\u00famero 4. <\/span><\/p>\n<p>Incluye gui\u00f3n de direcci\u00f3n y un CD con las partes de banda (en archivos PDF).<\/p>\n<p><strong>Para adquirir esta publicaci\u00f3n, <a href=\"https:\/\/www.dosacordes.es\/tickets\/\">contacta con nosotros<\/a>.<\/strong><\/p>\n","protected":false},"featured_media":3248,"template":"","meta":{"om_disable_all_campaigns":false,"_monsterinsights_skip_tracking":false,"_monsterinsights_sitenote_active":false,"_monsterinsights_sitenote_note":"","_monsterinsights_sitenote_category":0},"product_cat":[349],"product_tag":[638],"aioseo_notices":[],"lang":"es","translations":{"es":3247},"pll_sync_post":[],"_links":{"self":[{"href":"https:\/\/www.dosacordes.es\/web\/wp-json\/wp\/v2\/product\/3247"}],"collection":[{"href":"https:\/\/www.dosacordes.es\/web\/wp-json\/wp\/v2\/product"}],"about":[{"href":"https:\/\/www.dosacordes.es\/web\/wp-json\/wp\/v2\/types\/product"}],"wp:featuredmedia":[{"embeddable":true,"href":"https:\/\/www.dosacordes.es\/web\/wp-json\/wp\/v2\/media\/3248"}],"wp:attachment":[{"href":"https:\/\/www.dosacordes.es\/web\/wp-json\/wp\/v2\/media?parent=3247"}],"wp:term":[{"taxonomy":"product_cat","embeddable":true,"href":"https:\/\/www.dosacordes.es\/web\/wp-json\/wp\/v2\/product_cat?post=3247"},{"taxonomy":"product_tag","embeddable":true,"href":"https:\/\/www.dosacordes.es\/web\/wp-json\/wp\/v2\/product_tag?post=3247"}],"curies":[{"name":"wp","href":"https:\/\/api.w.org\/{rel}","templated":true}]}}