{"id":3245,"date":"2012-10-22T10:13:48","date_gmt":"2012-10-22T08:13:48","guid":{"rendered":"http:\/\/www.dosacordes.es\/web\/?product=cd-quinteto-monterrey"},"modified":"2024-08-17T12:05:54","modified_gmt":"2024-08-17T10:05:54","slug":"cd-quinteto-monterrey","status":"publish","type":"product","link":"https:\/\/www.dosacordes.es\/web\/producto\/cd-quinteto-monterrey\/","title":{"rendered":"Quinteto Monterrey: Nos xard\u00edns da Tropical"},"content":{"rendered":"","protected":false},"excerpt":{"rendered":"<h5><span class=\"tResal\">Jos\u00e9 Posada<\/span><\/h5>\n<p><span class=\"tComun\">El Quinteto Monterrey de Jos\u00e9 Posada toc\u00f3 fundamentalmente en el marco de las sociedades espa\u00f1olas de La Habana, como el Centro Asturiano o La Art\u00edstica, en los jardines de las cervecer\u00edas La Tropical, La Polar o La Cristal, en los banquetes y bailes que organizaban los domingos sociedades gallegas como Hijas de Galicia o Naturales de Ortigueira, entre otras. En el repertorio inclu\u00edan todo tipo de ritmos bailables de origen gallego, hisp\u00e1nico, cubano y norteamericano, as\u00ed como bandas sonoras de pel\u00edculas de moda del momento. <\/span><span class=\"tComun\">El repertorio del Quinteto Monterrey que lleg\u00f3 hasta nosotros a trav\u00e9s de Rodolfo Posada, est\u00e1 formado por un conjunto de 54 piezas con ritmos gallegos, hisp\u00e1nicos, europeos y americanos. Los g\u00e9neros recogidos en la colecci\u00f3n son: fox-trot, habaneras, himnos, marchas, mazurcas, mui\u00f1eiras, pasodobles, polcas, tangos, valses y jotas; entre ellos el g\u00e9nero rey es el pasodoble con 32 piezas.<\/span><\/p>\n<p><span class=\"tComun\">En la grabaci\u00f3n se intent\u00f3 representar la totalidad del arreglo musical presente en las partituras originales del conjunto, independientemente de que el Quinteto Monterrey empleara habitualmente formaciones instrumentales m\u00e1s reducidas. As\u00ed pues, se grab\u00f3 cada una de las piezas con los seis instrumentos mel\u00f3dicos: gaita, clarinete, cornet\u00edn sustituido por trompeta, saxo 1\u00ba, saxo 2\u00ba y saxo tenor, y para la base r\u00edtmica se emple\u00f3 la caja y el bombo con platos.<br \/>\n<\/span><\/p>\n<p><span class=\"tComun\">El disco fue grabado en el Teatro Principal de Pontevedra durante los d\u00edas 6, 7 y 8 de enero y 8 de abril de 2008.<\/span><\/p>\n","protected":false},"featured_media":3246,"template":"","meta":{"om_disable_all_campaigns":false,"_monsterinsights_skip_tracking":false,"_monsterinsights_sitenote_active":false,"_monsterinsights_sitenote_note":"","_monsterinsights_sitenote_category":0},"product_cat":[350,347],"product_tag":[],"aioseo_notices":[],"lang":"es","translations":{"es":3245},"pll_sync_post":[],"_links":{"self":[{"href":"https:\/\/www.dosacordes.es\/web\/wp-json\/wp\/v2\/product\/3245"}],"collection":[{"href":"https:\/\/www.dosacordes.es\/web\/wp-json\/wp\/v2\/product"}],"about":[{"href":"https:\/\/www.dosacordes.es\/web\/wp-json\/wp\/v2\/types\/product"}],"wp:featuredmedia":[{"embeddable":true,"href":"https:\/\/www.dosacordes.es\/web\/wp-json\/wp\/v2\/media\/3246"}],"wp:attachment":[{"href":"https:\/\/www.dosacordes.es\/web\/wp-json\/wp\/v2\/media?parent=3245"}],"wp:term":[{"taxonomy":"product_cat","embeddable":true,"href":"https:\/\/www.dosacordes.es\/web\/wp-json\/wp\/v2\/product_cat?post=3245"},{"taxonomy":"product_tag","embeddable":true,"href":"https:\/\/www.dosacordes.es\/web\/wp-json\/wp\/v2\/product_tag?post=3245"}],"curies":[{"name":"wp","href":"https:\/\/api.w.org\/{rel}","templated":true}]}}