{"id":3237,"date":"2011-01-07T21:14:39","date_gmt":"2011-01-07T21:14:39","guid":{"rendered":"http:\/\/www.dosacordes.es\/web\/?product=caderno-15-temperando-iniciacia%c2%b3n-volume-i-versian-en-re"},"modified":"2024-02-10T13:29:05","modified_gmt":"2024-02-10T11:29:05","slug":"caderno-15-temperando-iniciacia%c2%b3n-volume-i-versian-en-re","status":"publish","type":"product","link":"https:\/\/www.dosacordes.es\/web\/producto\/caderno-15-temperando-iniciacia%c2%b3n-volume-i-versian-en-re\/","title":{"rendered":"Temperando. Iniciaci\u00f3n. Volume I. RE"},"content":{"rendered":"","protected":false},"excerpt":{"rendered":"<h5><span class=\"tResal\">Bruno Villamor Gay<\/span><\/h5>\n<div><\/div>\n<p><span class=\"tComun\">Este libro \u00e9 a carta entrega dunha serie que recibe o nome de \u00abTemperando: Iniciaci\u00f3n\u00bb. A serie div\u00eddese en catro volumes correspond\u00e9ndose cos catro cursos oficiais do Grao elemental de gaita galega que se imparte nos conservatorios de Galicia. Esta serie ter\u00e1 continuidade coa publicaci\u00f3n dos volumes \u00abTemperando: Perfeccionamento I\u00bb e \u00abTemperando: Perfeccionamento II\u00bb. Os contidos desta primeira entrega est\u00e1n pensados para iniciarse no mundo da gaita, podendo atopar no seu interior exercicios t\u00e9cnicos, pezas tradicionais acordes co nivel no que nos atopamos e mesmo informaci\u00f3n sobre instrumentos tradicionais galegos, gaiteiros e cuartetos tradicionais para que o futuro gaiteiro pouco a pouco Adquira co\u00f1ecementos sobre da nosa cultura tradicional. Todo o material amosado neste volume non s\u00f3 est\u00e1 pensado para ser \u00fatil a mestres e disc\u00edpulos que traballen nestes niveis nos conservatorios, sen\u00f3n que este pode empregarse como un libro de aprendizaxe progresivo en asociaci\u00f3ns culturais e noutros tipos de escolas de m\u00fasica.<\/span><\/p>\n","protected":false},"featured_media":7538,"template":"","meta":{"om_disable_all_campaigns":false,"_monsterinsights_skip_tracking":false,"_monsterinsights_sitenote_active":false,"_monsterinsights_sitenote_note":"","_monsterinsights_sitenote_category":0},"product_cat":[347],"product_tag":[],"aioseo_notices":[],"lang":"es","translations":{"es":3237},"pll_sync_post":[],"_links":{"self":[{"href":"https:\/\/www.dosacordes.es\/web\/wp-json\/wp\/v2\/product\/3237"}],"collection":[{"href":"https:\/\/www.dosacordes.es\/web\/wp-json\/wp\/v2\/product"}],"about":[{"href":"https:\/\/www.dosacordes.es\/web\/wp-json\/wp\/v2\/types\/product"}],"wp:featuredmedia":[{"embeddable":true,"href":"https:\/\/www.dosacordes.es\/web\/wp-json\/wp\/v2\/media\/7538"}],"wp:attachment":[{"href":"https:\/\/www.dosacordes.es\/web\/wp-json\/wp\/v2\/media?parent=3237"}],"wp:term":[{"taxonomy":"product_cat","embeddable":true,"href":"https:\/\/www.dosacordes.es\/web\/wp-json\/wp\/v2\/product_cat?post=3237"},{"taxonomy":"product_tag","embeddable":true,"href":"https:\/\/www.dosacordes.es\/web\/wp-json\/wp\/v2\/product_tag?post=3237"}],"curies":[{"name":"wp","href":"https:\/\/api.w.org\/{rel}","templated":true}]}}