{"id":3233,"date":"2020-05-30T03:12:47","date_gmt":"2020-05-30T01:12:47","guid":{"rendered":"http:\/\/www.dosacordes.es\/web\/?product=caderno-14-luvas-verdes-fandango-desesperado"},"modified":"2020-11-12T12:54:26","modified_gmt":"2020-11-12T10:54:26","slug":"caderno-14-luvas-verdes-fandango-desesperado","status":"publish","type":"product","link":"https:\/\/www.dosacordes.es\/web\/producto\/caderno-14-luvas-verdes-fandango-desesperado\/","title":{"rendered":"Luvas verdes: Fandango desesperado"},"content":{"rendered":"<div style=\"text-align: justify\"><\/div>\n","protected":false},"excerpt":{"rendered":"<h5><span class=\"tResal\">Pedro Lamas Varela<\/span><\/h5>\n<p><span class=\"tComun\"><br \/>\nEste caderno recolle as partituras de dez dos doce temas que conforman o disco \u00abFandango desesperado\u00bb (NGD M\u00fasica, 2005), a primeira gravaci\u00f3n discogr\u00e1fica do cuarteto de m\u00fasica tradicional Luvas Verdes. A presentaci\u00f3n das mesmas faise en d\u00faas tandas: por unha banda as partituras para d\u00fao de gaitas e, separadamente, as partituras para percusi\u00f3n (tamboril e bombo), entendendo que as\u00ed ser\u00e1n de maior utilidade.<\/span><\/p>\n","protected":false},"featured_media":7811,"template":"","meta":{"om_disable_all_campaigns":false,"_monsterinsights_skip_tracking":false,"_monsterinsights_sitenote_active":false,"_monsterinsights_sitenote_note":"","_monsterinsights_sitenote_category":0},"product_cat":[347],"product_tag":[],"aioseo_notices":[],"lang":"es","translations":{"es":3233},"pll_sync_post":[],"_links":{"self":[{"href":"https:\/\/www.dosacordes.es\/web\/wp-json\/wp\/v2\/product\/3233"}],"collection":[{"href":"https:\/\/www.dosacordes.es\/web\/wp-json\/wp\/v2\/product"}],"about":[{"href":"https:\/\/www.dosacordes.es\/web\/wp-json\/wp\/v2\/types\/product"}],"wp:featuredmedia":[{"embeddable":true,"href":"https:\/\/www.dosacordes.es\/web\/wp-json\/wp\/v2\/media\/7811"}],"wp:attachment":[{"href":"https:\/\/www.dosacordes.es\/web\/wp-json\/wp\/v2\/media?parent=3233"}],"wp:term":[{"taxonomy":"product_cat","embeddable":true,"href":"https:\/\/www.dosacordes.es\/web\/wp-json\/wp\/v2\/product_cat?post=3233"},{"taxonomy":"product_tag","embeddable":true,"href":"https:\/\/www.dosacordes.es\/web\/wp-json\/wp\/v2\/product_tag?post=3233"}],"curies":[{"name":"wp","href":"https:\/\/api.w.org\/{rel}","templated":true}]}}