{"id":3231,"date":"2020-05-30T03:12:45","date_gmt":"2020-05-30T03:12:45","guid":{"rendered":"http:\/\/www.dosacordes.es\/web\/?product=caderno-13-tocatas-varias"},"modified":"2026-02-20T09:27:41","modified_gmt":"2026-02-20T08:27:41","slug":"caderno-13-tocatas-varias","status":"publish","type":"product","link":"https:\/\/www.dosacordes.es\/web\/producto\/caderno-13-tocatas-varias\/","title":{"rendered":"Tocatas varias"},"content":{"rendered":"","protected":false},"excerpt":{"rendered":"<h5><span class=\"tResal\">Iv\u00e1n Costa<\/span><\/h5>\n<div><span class=\"tComun\">Pouco podemos decir dun dos m\u00e1is importantes autores contempor\u00e1neos para gaita, int\u00e9rprete destacado e docente excepcional. Estas \u00abTocatas varias\u00bb presentan a integral, polo de agora, do xenial m\u00fasico de Moa\u00f1a. A\u00ednda que algunhas das obras xa te\u00f1en sido publicadas por outras editoriais, para esta ocasi\u00f3n Iv\u00e1n ten feito os arranxos pertinentes. Presentadas por categor\u00edas (alboradas, mui\u00f1eiras, xotas, rumbas, mazurcas, polcas&#8230;), e consideradas para unha ou d\u00faas gaitas, as partituras van acompa\u00f1adas de explicaci\u00f3ns sobre as s\u00faas caracter\u00edsticas e interpretaci\u00f3n.<\/span><span class=\"tComun\">Con este texto, que fai o n\u00famero 13 da serie de Cadernos de Gaita.<\/span><\/div>\n","protected":false},"featured_media":7812,"template":"","meta":{"om_disable_all_campaigns":false,"_monsterinsights_skip_tracking":false,"_monsterinsights_sitenote_active":false,"_monsterinsights_sitenote_note":"","_monsterinsights_sitenote_category":0},"product_cat":[347],"product_tag":[],"aioseo_notices":[],"lang":"es","translations":{"es":3231},"pll_sync_post":[],"_links":{"self":[{"href":"https:\/\/www.dosacordes.es\/web\/wp-json\/wp\/v2\/product\/3231"}],"collection":[{"href":"https:\/\/www.dosacordes.es\/web\/wp-json\/wp\/v2\/product"}],"about":[{"href":"https:\/\/www.dosacordes.es\/web\/wp-json\/wp\/v2\/types\/product"}],"wp:featuredmedia":[{"embeddable":true,"href":"https:\/\/www.dosacordes.es\/web\/wp-json\/wp\/v2\/media\/7812"}],"wp:attachment":[{"href":"https:\/\/www.dosacordes.es\/web\/wp-json\/wp\/v2\/media?parent=3231"}],"wp:term":[{"taxonomy":"product_cat","embeddable":true,"href":"https:\/\/www.dosacordes.es\/web\/wp-json\/wp\/v2\/product_cat?post=3231"},{"taxonomy":"product_tag","embeddable":true,"href":"https:\/\/www.dosacordes.es\/web\/wp-json\/wp\/v2\/product_tag?post=3231"}],"curies":[{"name":"wp","href":"https:\/\/api.w.org\/{rel}","templated":true}]}}