{"id":3229,"date":"2016-11-29T22:01:05","date_gmt":"2016-11-29T22:01:05","guid":{"rendered":"http:\/\/www.dosacordes.es\/web\/?product=caderno-11-luces-do-atlantico"},"modified":"2020-08-24T17:11:41","modified_gmt":"2020-08-24T15:11:41","slug":"caderno-11-luces-do-atlantico","status":"publish","type":"product","link":"https:\/\/www.dosacordes.es\/web\/producto\/caderno-11-luces-do-atlantico\/","title":{"rendered":"Luces do Atl\u00e1ntico"},"content":{"rendered":"","protected":false},"excerpt":{"rendered":"<h5><span class=\"tResal\">Ernesto Campos<\/span><b><\/b><\/h5>\n<p><span class=\"tComun\">No hay palabras para describir, sin duda, la obra de mayor envergadura compuesta por Ernesto Campos por el momento. Aunque el compositor nos tiene acostumbrados a un trabajo de altura inigualable, en esta ocasi\u00f3n se ha superado a s\u00ed mismo. La obra, compuesta para gaita y piano en tres movimientos, pretende ser un \u00abviaxe virtual por tres faros galegos\u00bb. Estrenada en el concierto de fin de carrera del que fue primer titulado de la especialidad de \u00abInstrumentos da M\u00fasica Tradicional e Popular Galega\u00bb, Xos\u00e9 Lu\u00eds Migu\u00e9lez, en noviembre de 2006, pronto ver\u00e1 la luz en disco, editado por Dos Acordes.<br \/>\n<\/span><\/p>\n<div>\n<p><span class=\"tComun\">Incluye partes instrumentales en escrita do y re. Se acabaron las excusas de lectura: o se toca la gaita de verdad, o se escoge otra disculpa.<\/span><\/p>\n<\/div>\n","protected":false},"featured_media":3134,"template":"","meta":{"om_disable_all_campaigns":false,"_monsterinsights_skip_tracking":false,"_monsterinsights_sitenote_active":false,"_monsterinsights_sitenote_note":"","_monsterinsights_sitenote_category":0},"product_cat":[347],"product_tag":[],"aioseo_notices":[],"lang":"es","translations":{"es":3229},"pll_sync_post":[],"_links":{"self":[{"href":"https:\/\/www.dosacordes.es\/web\/wp-json\/wp\/v2\/product\/3229"}],"collection":[{"href":"https:\/\/www.dosacordes.es\/web\/wp-json\/wp\/v2\/product"}],"about":[{"href":"https:\/\/www.dosacordes.es\/web\/wp-json\/wp\/v2\/types\/product"}],"wp:featuredmedia":[{"embeddable":true,"href":"https:\/\/www.dosacordes.es\/web\/wp-json\/wp\/v2\/media\/3134"}],"wp:attachment":[{"href":"https:\/\/www.dosacordes.es\/web\/wp-json\/wp\/v2\/media?parent=3229"}],"wp:term":[{"taxonomy":"product_cat","embeddable":true,"href":"https:\/\/www.dosacordes.es\/web\/wp-json\/wp\/v2\/product_cat?post=3229"},{"taxonomy":"product_tag","embeddable":true,"href":"https:\/\/www.dosacordes.es\/web\/wp-json\/wp\/v2\/product_tag?post=3229"}],"curies":[{"name":"wp","href":"https:\/\/api.w.org\/{rel}","templated":true}]}}