{"id":3228,"date":"2018-02-22T18:41:02","date_gmt":"2018-02-22T16:41:02","guid":{"rendered":"http:\/\/www.dosacordes.es\/web\/?product=caderno-10-biografaa-dun-espello"},"modified":"2021-02-03T19:43:14","modified_gmt":"2021-02-03T17:43:14","slug":"caderno-10-biografaa-dun-espello","status":"publish","type":"product","link":"https:\/\/www.dosacordes.es\/web\/producto\/caderno-10-biografaa-dun-espello\/","title":{"rendered":"Biograf\u00eda dun espello: Para gaita e piano"},"content":{"rendered":"","protected":false},"excerpt":{"rendered":"<h5><span class=\"tResal\">Ana Bel\u00e9n L\u00f3pez- Villar<\/span><\/h5>\n<p><span class=\"tComun\">Como resultado de la habitual apuesta de Dos Acordes a favor de la literatura para nuestro instrumento, as\u00ed como a la hora de apoyar la composici\u00f3n de obras por parte de j\u00f3venes creadores, ve la luz esta magn\u00edfica obra para gaita y piano, estructurada en tres movimientos. La autora, Ana Bel\u00e9n L\u00f3pez Villar, la ha compuesto para ser estrenada en su propio concierto de fin de carrera en la especialidad de piano, rematado en el Conservatorio Superior de M\u00fasica de Vigo donde, simult\u00e1neamente, cursa la especialidad de \u00abInstrumentos de la M\u00fasica Tradicional e Popular Galega\u00bb. Incluye particella.<\/span><\/p>\n","protected":false},"featured_media":9053,"template":"","meta":{"om_disable_all_campaigns":false,"_monsterinsights_skip_tracking":false,"_monsterinsights_sitenote_active":false,"_monsterinsights_sitenote_note":"","_monsterinsights_sitenote_category":0},"product_cat":[347],"product_tag":[],"aioseo_notices":[],"lang":"es","translations":{"es":3228},"pll_sync_post":[],"_links":{"self":[{"href":"https:\/\/www.dosacordes.es\/web\/wp-json\/wp\/v2\/product\/3228"}],"collection":[{"href":"https:\/\/www.dosacordes.es\/web\/wp-json\/wp\/v2\/product"}],"about":[{"href":"https:\/\/www.dosacordes.es\/web\/wp-json\/wp\/v2\/types\/product"}],"wp:featuredmedia":[{"embeddable":true,"href":"https:\/\/www.dosacordes.es\/web\/wp-json\/wp\/v2\/media\/9053"}],"wp:attachment":[{"href":"https:\/\/www.dosacordes.es\/web\/wp-json\/wp\/v2\/media?parent=3228"}],"wp:term":[{"taxonomy":"product_cat","embeddable":true,"href":"https:\/\/www.dosacordes.es\/web\/wp-json\/wp\/v2\/product_cat?post=3228"},{"taxonomy":"product_tag","embeddable":true,"href":"https:\/\/www.dosacordes.es\/web\/wp-json\/wp\/v2\/product_tag?post=3228"}],"curies":[{"name":"wp","href":"https:\/\/api.w.org\/{rel}","templated":true}]}}