{"id":3225,"date":"2018-02-22T18:34:19","date_gmt":"2018-02-22T18:34:19","guid":{"rendered":"http:\/\/www.dosacordes.es\/web\/?product=caderno-7-carmina-utricularis-fantasaa-para-gaita-e-orquestra"},"modified":"2020-08-23T13:55:35","modified_gmt":"2020-08-23T11:55:35","slug":"caderno-7-carmina-utricularis-fantasaa-para-gaita-e-orquestra","status":"publish","type":"product","link":"https:\/\/www.dosacordes.es\/web\/producto\/caderno-7-carmina-utricularis-fantasaa-para-gaita-e-orquestra\/","title":{"rendered":"Carmina Utricularis: Fantas\u00eda para gaita e orquestra"},"content":{"rendered":"","protected":false},"excerpt":{"rendered":"<h5><span class=\"tResal\">Javier Mar\u00eda L\u00f3pez Rodr\u00edguez<\/span><\/h5>\n<p><span class=\"tComun\">Obra ganadora del Premio de Composici\u00f3n del Concurso de Gaita Galega \u00abConstantino Bell\u00f3n\u00bb en su edici\u00f3n del 2005. La partitura original para gaita y orquesta de cuerda es publicada \u00edntegramente incluyendo, adem\u00e1s, una trancripci\u00f3n para gaita y piano (incluye particella).<\/span><\/p>\n","protected":false},"featured_media":7805,"template":"","meta":{"om_disable_all_campaigns":false,"_monsterinsights_skip_tracking":false,"_monsterinsights_sitenote_active":false,"_monsterinsights_sitenote_note":"","_monsterinsights_sitenote_category":0},"product_cat":[347],"product_tag":[],"aioseo_notices":[],"lang":"es","translations":{"es":3225},"pll_sync_post":[],"_links":{"self":[{"href":"https:\/\/www.dosacordes.es\/web\/wp-json\/wp\/v2\/product\/3225"}],"collection":[{"href":"https:\/\/www.dosacordes.es\/web\/wp-json\/wp\/v2\/product"}],"about":[{"href":"https:\/\/www.dosacordes.es\/web\/wp-json\/wp\/v2\/types\/product"}],"wp:featuredmedia":[{"embeddable":true,"href":"https:\/\/www.dosacordes.es\/web\/wp-json\/wp\/v2\/media\/7805"}],"wp:attachment":[{"href":"https:\/\/www.dosacordes.es\/web\/wp-json\/wp\/v2\/media?parent=3225"}],"wp:term":[{"taxonomy":"product_cat","embeddable":true,"href":"https:\/\/www.dosacordes.es\/web\/wp-json\/wp\/v2\/product_cat?post=3225"},{"taxonomy":"product_tag","embeddable":true,"href":"https:\/\/www.dosacordes.es\/web\/wp-json\/wp\/v2\/product_tag?post=3225"}],"curies":[{"name":"wp","href":"https:\/\/api.w.org\/{rel}","templated":true}]}}