{"id":3224,"date":"2015-09-12T16:15:32","date_gmt":"2015-09-12T16:15:32","guid":{"rendered":"http:\/\/www.dosacordes.es\/web\/?product=caderno-6-nove-canaoes-do-mimo-morto-e-umha-canaom-de-amor"},"modified":"2023-01-04T15:57:50","modified_gmt":"2023-01-04T13:57:50","slug":"caderno-6-nove-canaoes-do-mimo-morto-e-umha-canaom-de-amor","status":"publish","type":"product","link":"https:\/\/www.dosacordes.es\/web\/producto\/caderno-6-nove-canaoes-do-mimo-morto-e-umha-canaom-de-amor\/","title":{"rendered":"Nove can\u00e7oes do Mimo morto e umha can\u00e7om de amor"},"content":{"rendered":"","protected":false},"excerpt":{"rendered":"<h5><span class=\"tResal\">Paulo &#8211; Mo-mo<\/span><\/h5>\n<p><span class=\"tComun\">Este cuaderno incluye obras compuestas para una, dos, tres, o cuatro gaitas, con un lenguaje muy variado que explota las posibilidades t\u00e9cnicas del instrumento, m\u00e1s all\u00e1 del repertorio considerado \u00abtradicional\u00bb. Incluye un dise\u00f1o exclusivo en su interior, con ilustraciones y textos del propio autor.<\/span><\/p>\n","protected":false},"featured_media":7784,"template":"","meta":{"om_disable_all_campaigns":false,"_monsterinsights_skip_tracking":false,"_monsterinsights_sitenote_active":false,"_monsterinsights_sitenote_note":"","_monsterinsights_sitenote_category":0},"product_cat":[347],"product_tag":[],"aioseo_notices":[],"lang":"es","translations":{"es":3224},"pll_sync_post":[],"_links":{"self":[{"href":"https:\/\/www.dosacordes.es\/web\/wp-json\/wp\/v2\/product\/3224"}],"collection":[{"href":"https:\/\/www.dosacordes.es\/web\/wp-json\/wp\/v2\/product"}],"about":[{"href":"https:\/\/www.dosacordes.es\/web\/wp-json\/wp\/v2\/types\/product"}],"wp:featuredmedia":[{"embeddable":true,"href":"https:\/\/www.dosacordes.es\/web\/wp-json\/wp\/v2\/media\/7784"}],"wp:attachment":[{"href":"https:\/\/www.dosacordes.es\/web\/wp-json\/wp\/v2\/media?parent=3224"}],"wp:term":[{"taxonomy":"product_cat","embeddable":true,"href":"https:\/\/www.dosacordes.es\/web\/wp-json\/wp\/v2\/product_cat?post=3224"},{"taxonomy":"product_tag","embeddable":true,"href":"https:\/\/www.dosacordes.es\/web\/wp-json\/wp\/v2\/product_tag?post=3224"}],"curies":[{"name":"wp","href":"https:\/\/api.w.org\/{rel}","templated":true}]}}