{"id":3223,"date":"2015-10-13T22:28:04","date_gmt":"2015-10-13T22:28:04","guid":{"rendered":"http:\/\/www.dosacordes.es\/web\/?product=caderno-5-empezares"},"modified":"2020-08-23T17:49:05","modified_gmt":"2020-08-23T15:49:05","slug":"caderno-5-empezares","status":"publish","type":"product","link":"https:\/\/www.dosacordes.es\/web\/producto\/caderno-5-empezares\/","title":{"rendered":"Empezares"},"content":{"rendered":"","protected":false},"excerpt":{"rendered":"<h5><span class=\"tResal\">Emilio Mes\u00edas Far\u00edas<\/span><\/h5>\n<div><\/div>\n<p><span class=\"tComun\">Este nuevo cuaderno es fruto del trabajo que lleva realizado el autor en los \u00faltimos a\u00f1os, intentando cubrir uno de los vac\u00edos que encuentran los int\u00e9rpretes y los estudiantes de la gaita gallega: la escrita para gaita-piano. No est\u00e1 de m\u00e1s todo aquello que tenga que ver con la publicaci\u00f3n-difusi\u00f3n de la m\u00fasica escrita para gaita, ya que no es habitual encontrar \u00abliteratura gaiteiril\u00bb en las librer\u00edas.<\/span><\/p>\n","protected":false},"featured_media":7814,"template":"","meta":{"om_disable_all_campaigns":false,"_monsterinsights_skip_tracking":false,"_monsterinsights_sitenote_active":false,"_monsterinsights_sitenote_note":"","_monsterinsights_sitenote_category":0},"product_cat":[347],"product_tag":[],"aioseo_notices":[],"lang":"es","translations":{"es":3223},"pll_sync_post":[],"_links":{"self":[{"href":"https:\/\/www.dosacordes.es\/web\/wp-json\/wp\/v2\/product\/3223"}],"collection":[{"href":"https:\/\/www.dosacordes.es\/web\/wp-json\/wp\/v2\/product"}],"about":[{"href":"https:\/\/www.dosacordes.es\/web\/wp-json\/wp\/v2\/types\/product"}],"wp:featuredmedia":[{"embeddable":true,"href":"https:\/\/www.dosacordes.es\/web\/wp-json\/wp\/v2\/media\/7814"}],"wp:attachment":[{"href":"https:\/\/www.dosacordes.es\/web\/wp-json\/wp\/v2\/media?parent=3223"}],"wp:term":[{"taxonomy":"product_cat","embeddable":true,"href":"https:\/\/www.dosacordes.es\/web\/wp-json\/wp\/v2\/product_cat?post=3223"},{"taxonomy":"product_tag","embeddable":true,"href":"https:\/\/www.dosacordes.es\/web\/wp-json\/wp\/v2\/product_tag?post=3223"}],"curies":[{"name":"wp","href":"https:\/\/api.w.org\/{rel}","templated":true}]}}