{"id":3222,"date":"2015-09-12T16:11:16","date_gmt":"2015-09-12T16:11:16","guid":{"rendered":"http:\/\/www.dosacordes.es\/web\/?product=caderno-4-estudios-notacia%c2%b3n-en-re"},"modified":"2025-02-25T15:16:53","modified_gmt":"2025-02-25T14:16:53","slug":"caderno-4-estudios-notacia%c2%b3n-en-re","status":"publish","type":"product","link":"https:\/\/www.dosacordes.es\/web\/producto\/caderno-4-estudios-notacia%c2%b3n-en-re\/","title":{"rendered":"Estudios. RE"},"content":{"rendered":"","protected":false},"excerpt":{"rendered":"<h5><span class=\"tResal\">Xos\u00e9 Lu\u00eds Migu\u00e9lez<\/span><\/h5>\n<p>El \u00abEstudio\u00bb es el paso intermedio entre el ejercicio t\u00e9cnico y la pieza, una especie de ejercicio con forma musical. Con esta publicaci\u00f3n se pretende aportar una herramienta m\u00e1s, fundamental en el estudio de cualquier otro instrumento musical, a la ense\u00f1anza de la gaita. Los contenidos de este primer volumen son adecuados para iniciarse, de<br \/>\nuna forma amena y progresiva, en el aprendizaje del instrumento, as\u00ed como para su posterior perfeccionamiento; dividido en cuatro niveles, se corresponde con los cuatro cursos oficiales del Grado Elemental de Gaita Gallega que se imparte en los conservatorios p\u00fablicos de Galicia. Cada nivel consta de diez estudios y una pieza, lo que conforma cuarenta estudios y cuatro obras en total. Dirigido al gaitero que se acerca por primera vez al instrumento y a los que, conoci\u00e9ndolo, quieren perfeccionar su t\u00e9cnica. Pretende tambi\u00e9n ser de ayuda para a los maestros y profesionales de la ense\u00f1anza de la gaita. Est\u00e1 disponible en dos ediciones, en notaci\u00f3n DO y RE, para facilitar al m\u00e1ximo su comprensi\u00f3n (ATENCI\u00d3N: las ediciones tienen referencias de compra distintas)<\/p>\n","protected":false},"featured_media":7779,"template":"","meta":{"om_disable_all_campaigns":false,"_monsterinsights_skip_tracking":false,"_monsterinsights_sitenote_active":false,"_monsterinsights_sitenote_note":"","_monsterinsights_sitenote_category":0},"product_cat":[347],"product_tag":[],"aioseo_notices":[],"lang":"es","translations":{"es":3222},"pll_sync_post":[],"_links":{"self":[{"href":"https:\/\/www.dosacordes.es\/web\/wp-json\/wp\/v2\/product\/3222"}],"collection":[{"href":"https:\/\/www.dosacordes.es\/web\/wp-json\/wp\/v2\/product"}],"about":[{"href":"https:\/\/www.dosacordes.es\/web\/wp-json\/wp\/v2\/types\/product"}],"wp:featuredmedia":[{"embeddable":true,"href":"https:\/\/www.dosacordes.es\/web\/wp-json\/wp\/v2\/media\/7779"}],"wp:attachment":[{"href":"https:\/\/www.dosacordes.es\/web\/wp-json\/wp\/v2\/media?parent=3222"}],"wp:term":[{"taxonomy":"product_cat","embeddable":true,"href":"https:\/\/www.dosacordes.es\/web\/wp-json\/wp\/v2\/product_cat?post=3222"},{"taxonomy":"product_tag","embeddable":true,"href":"https:\/\/www.dosacordes.es\/web\/wp-json\/wp\/v2\/product_tag?post=3222"}],"curies":[{"name":"wp","href":"https:\/\/api.w.org\/{rel}","templated":true}]}}