{"id":3217,"date":"2011-10-24T16:24:58","date_gmt":"2011-10-24T14:24:58","guid":{"rendered":"http:\/\/www.dosacordes.es\/web\/?product=cd-esperanza"},"modified":"2020-06-07T19:37:00","modified_gmt":"2020-06-07T17:37:00","slug":"cd-esperanza","status":"publish","type":"product","link":"https:\/\/www.dosacordes.es\/web\/producto\/cd-esperanza\/","title":{"rendered":"Esperanza"},"content":{"rendered":"","protected":false},"excerpt":{"rendered":"<h5><span class=\"tResal\">Xose Lu\u00eds Migu\u00e9lez<\/span><\/h5>\n<p align=\"justify\">Tr\u00e1tase da gravaci\u00f3n en CD do repertorio do primeiro concerto fin de carreira da especialidade de \u00abInstrumentos da M\u00fasica Tradicional e Popular\u00bb do Conservatorio Superior de M\u00fasica de Vigo, celebrado no auditorio \u00abMartin C\u00f3dax\u00bb de dito centro en novembro do 2006. O concerto, ofrecido previamente a v\u00edspera no auditorio \u00abDavid Russell\u00bb do Conservatorio Profesional de M\u00fasica de Vigo, foi gravado integramente, en directo, e se presenta agora como novedade discogr\u00e1fica. Xos\u00e9 Lu\u00eds Migu\u00e9lez non \u00e9 s\u00f3 o primeiro titulado de gaita de Galicia, sen\u00f3n de todo o Estado Espa\u00f1ol e de Europa, ao non estaren regrados estes estudos en ningunha outra naci\u00f3n a nivel superior. Disco hist\u00f3rico, tanto polo que sup\u00f3n para os estudos de gaita como para a cultura galega. Imprescindible \u00e9 pouco.<\/p>\n<p>&nbsp;<\/p>\n<p align=\"justify\">Se trata de la grabaci\u00f3n en CD del repertorio del primer concierto fin de carrera de la especialidad de \u00abInstrumentos de la M\u00fasica Tradicional y Popular\u00bb del Conservatorio Superior de M\u00fasica de Vigo, celebrado en el auditorio \u00abMartin C\u00f3dax\u00bb de dicho centro en noviembre del 2006. El concierto, ofrecido previamente la v\u00edspera en el auditorio \u00abDavid Russell\u00bb del Conservatorio Profesional de M\u00fasica de Vigo, fue grabado \u00edntegramente, en directo, y se presenta ahora como novedad discogr\u00e1fica. Xos\u00e9 Lu\u00eds Migu\u00e9lez no es s\u00f3lo el primer titulado de gaita de Galicia, sino de todo el Estado Espa\u00f1ol y de Europa, al no estar reglados estos estudios en ninguna otra naci\u00f3n a nivel superior. Disco hist\u00f3rico, tanto por lo que supone para los estudios de gaita como para la cultura gallega. Imprescindible es poco.<\/p>\n","protected":false},"featured_media":3110,"template":"","meta":{"om_disable_all_campaigns":false,"_monsterinsights_skip_tracking":false,"_monsterinsights_sitenote_active":false,"_monsterinsights_sitenote_note":"","_monsterinsights_sitenote_category":0},"product_cat":[350,347],"product_tag":[],"aioseo_notices":[],"lang":"es","translations":{"es":3217},"pll_sync_post":[],"_links":{"self":[{"href":"https:\/\/www.dosacordes.es\/web\/wp-json\/wp\/v2\/product\/3217"}],"collection":[{"href":"https:\/\/www.dosacordes.es\/web\/wp-json\/wp\/v2\/product"}],"about":[{"href":"https:\/\/www.dosacordes.es\/web\/wp-json\/wp\/v2\/types\/product"}],"wp:featuredmedia":[{"embeddable":true,"href":"https:\/\/www.dosacordes.es\/web\/wp-json\/wp\/v2\/media\/3110"}],"wp:attachment":[{"href":"https:\/\/www.dosacordes.es\/web\/wp-json\/wp\/v2\/media?parent=3217"}],"wp:term":[{"taxonomy":"product_cat","embeddable":true,"href":"https:\/\/www.dosacordes.es\/web\/wp-json\/wp\/v2\/product_cat?post=3217"},{"taxonomy":"product_tag","embeddable":true,"href":"https:\/\/www.dosacordes.es\/web\/wp-json\/wp\/v2\/product_tag?post=3217"}],"curies":[{"name":"wp","href":"https:\/\/api.w.org\/{rel}","templated":true}]}}