{"id":3216,"date":"2012-04-23T16:48:00","date_gmt":"2012-04-23T14:48:00","guid":{"rendered":"http:\/\/www.dosacordes.es\/web\/?product=ars-gallaeciae-musicae-serie-avrego-na%c2%ba3"},"modified":"2024-02-14T10:36:39","modified_gmt":"2024-02-14T08:36:39","slug":"ars-gallaeciae-musicae-serie-avrego-na%c2%ba3","status":"publish","type":"product","link":"https:\/\/www.dosacordes.es\/web\/producto\/ars-gallaeciae-musicae-serie-avrego-na%c2%ba3\/","title":{"rendered":"A Noite do Santo Cristo: Rapsodia Galega para banda sinf\u00f3nica"},"content":{"rendered":"","protected":false},"excerpt":{"rendered":"<h5><span class=\"tResal\">Higinio Cambeses<\/span><\/h5>\n<p><span class=\"tComun\">Precedida por un profundo estudio del transcriptor y revisor de la obra, el Dr. Lu\u00eds Costa, ponemos a la disposici\u00f3n de las bandas de m\u00fasica la edici\u00f3n de esta deliciosa obra de sonoridades gallegas.<br \/>\nSe trata de una coedici\u00f3n con el Instituto Gallego de las Artes Esc\u00e9nicas y la M\u00fasica, incluida dentro de la colecci\u00f3n ARS GALLAECIAE MUSICAE y perteneciente a la serie \u00c1vrego, de la que hace el n\u00famero 3.<br \/>\nIncluye partitura general y un mini CD con las partes en PDF, para mayor comodidad.<\/span><\/p>\n","protected":false},"featured_media":3108,"template":"","meta":{"om_disable_all_campaigns":false,"_monsterinsights_skip_tracking":false,"_monsterinsights_sitenote_active":false,"_monsterinsights_sitenote_note":"","_monsterinsights_sitenote_category":0},"product_cat":[349],"product_tag":[638],"aioseo_notices":[],"lang":"es","translations":{"es":3216},"pll_sync_post":[],"_links":{"self":[{"href":"https:\/\/www.dosacordes.es\/web\/wp-json\/wp\/v2\/product\/3216"}],"collection":[{"href":"https:\/\/www.dosacordes.es\/web\/wp-json\/wp\/v2\/product"}],"about":[{"href":"https:\/\/www.dosacordes.es\/web\/wp-json\/wp\/v2\/types\/product"}],"wp:featuredmedia":[{"embeddable":true,"href":"https:\/\/www.dosacordes.es\/web\/wp-json\/wp\/v2\/media\/3108"}],"wp:attachment":[{"href":"https:\/\/www.dosacordes.es\/web\/wp-json\/wp\/v2\/media?parent=3216"}],"wp:term":[{"taxonomy":"product_cat","embeddable":true,"href":"https:\/\/www.dosacordes.es\/web\/wp-json\/wp\/v2\/product_cat?post=3216"},{"taxonomy":"product_tag","embeddable":true,"href":"https:\/\/www.dosacordes.es\/web\/wp-json\/wp\/v2\/product_tag?post=3216"}],"curies":[{"name":"wp","href":"https:\/\/api.w.org\/{rel}","templated":true}]}}